{"id":17062,"date":"2023-05-12T17:20:51","date_gmt":"2023-05-12T15:20:51","guid":{"rendered":"https:\/\/www.boc.de\/watchguard-info-portal\/?page_id=17062"},"modified":"2026-01-22T13:41:37","modified_gmt":"2026-01-22T12:41:37","slug":"watchguard-threatsync-xdr","status":"publish","type":"page","link":"https:\/\/wordpress.boc.de\/watchguard-info-portal\/produktinfos\/watchguard-security-services-und-suites\/watchguard-threatsync-xdr\/","title":{"rendered":"WatchGuard ThreatSync Core (XDR)"},"content":{"rendered":"<h2><strong>WatchGuard ThreatSync Core (XDR)<\/strong><\/h2>\n<h3>Cyberangriffe schneller und effektiver identifizieren und beheben<\/h3>\n<h2 style=\"color: #444444;\"><img loading=\"lazy\" decoding=\"async\" class=\" wp-image-18111 alignleft\" src=\"https:\/\/www.boc.de\/watchguard-info-portal\/wp-content\/uploads\/2023\/11\/watchguard-threatsync-logo.jpg\" alt=\"\" width=\"343\" height=\"127\" srcset=\"https:\/\/wordpress.boc.de\/watchguard-info-portal\/wp-content\/uploads\/2023\/11\/watchguard-threatsync-logo.jpg 443w, https:\/\/wordpress.boc.de\/watchguard-info-portal\/wp-content\/uploads\/2023\/11\/watchguard-threatsync-logo-300x111.jpg 300w\" sizes=\"(max-width: 343px) 100vw, 343px\" \/><\/h2>\n<p>Unternehmen sind immer raffinierteren Cyberangriffen und immer mehr Bedrohungen ausgesetzt, die den Betrieb eines Unternehmens gef\u00e4hrden k\u00f6nnen, bevor der Angriff \u00fcberhaupt entdeckt worden ist. Der Einsatz verschiedener spezialisierter Einzell\u00f6sungen kann zu Sicherheitsl\u00fccken, nicht erfassten Bedrohungen und Betriebsproblemen f\u00fchren und verschwendet dar\u00fcber hinaus unn\u00f6tig kostbare Zeit und Geld. Dank der fortschrittlichsten XDR-Funktionen von WatchGuard ThreatSync Core werden Bedrohungsdaten \u00fcber Umgebungen, Benutzer und Ger\u00e4te hinweg abgeglichen und in einer einzigen Oberfl\u00e4che zusammengef\u00fchrt, um Cyberangriffe automatisch zu identifizieren und abzuwehren.<\/p>\n<p>XDR (eXtended Detection and Response) ist eine nat\u00fcrliche Weiterentwicklung der Endpoint Detection and Response (EDR), die sich haupts\u00e4chlich auf die Endpunktsicherheit konzentriert. XDR erweitert den Anwendungsbereich der Sicherheit und integriert den Schutz \u00fcber eine breitere Palette von Produkten, einschlie\u00dflich Endger\u00e4te, Netzwerk, E-Mail und mehr. Anschlie\u00dfend kombiniert XDR Pr\u00e4vention, Erkennung, Untersuchung und Reaktion und bietet Transparenz, Analysen, korrelierte Warnmeldungen zu Vorf\u00e4llen und automatische Reaktionen, um die Datensicherheit zu verbessern und Bedrohungen zu bek\u00e4mpfen.<\/p>\n<figure style=\"text-align: center;\"><img loading=\"lazy\" decoding=\"async\" class=\"wp-image-18107 size-full\" src=\"https:\/\/www.boc.de\/watchguard-info-portal\/wp-content\/uploads\/2023\/11\/watchguard-threatsync-overview.jpg\" alt=\"\" width=\"940\" height=\"641\" srcset=\"https:\/\/wordpress.boc.de\/watchguard-info-portal\/wp-content\/uploads\/2023\/11\/watchguard-threatsync-overview.jpg 940w, https:\/\/wordpress.boc.de\/watchguard-info-portal\/wp-content\/uploads\/2023\/11\/watchguard-threatsync-overview-300x205.jpg 300w, https:\/\/wordpress.boc.de\/watchguard-info-portal\/wp-content\/uploads\/2023\/11\/watchguard-threatsync-overview-768x524.jpg 768w, https:\/\/wordpress.boc.de\/watchguard-info-portal\/wp-content\/uploads\/2023\/11\/watchguard-threatsync-overview-800x546.jpg 800w\" sizes=\"(max-width: 940px) 100vw, 940px\" \/><figcaption> * Secure Wi-Fi und AuthPoint sind mittlerweile auch in ThreatSync Core integriert.<\/figcaption><\/figure>\n<p>Mit der XDR-L\u00f6sung WatchGuard ThreatSync Core erhalten Sie produkt\u00fcbergreifende Bedrohungsinformationen, mit denen Sicherheitsschwachstellen, die am h\u00e4ufigsten \u00fcbersehen werden, eliminiert werden k\u00f6nnen und ein besserer umfassender Schutz f\u00fcr die Umgebungen, Benutzer und Ger\u00e4te Ihres Unternehmens m\u00f6glich ist. Die L\u00f6sung ist f\u00fcr jedes Unternehmen geeignet \u2013 unabh\u00e4ngig von Budget, Gr\u00f6\u00dfe oder Komplexit\u00e4t.<\/p>\n<pre><img loading=\"lazy\" decoding=\"async\" class=\"size-full wp-image-1468 alignleft\" src=\"https:\/\/www.boc.de\/watchguard-info-portal\/wp-content\/uploads\/2016\/06\/emblem-imp.gif\" alt=\"emblem-imp\" width=\"48\" height=\"48\" \/><strong>M\u00f6chten Sie WatchGuard ThreatSync Core in Aktion sehen?\r\n<\/strong>Mit der <a href=\"https:\/\/www.boc.de\/watchguard-info-portal\/vertriebsinfos\/watchguard-cloud-demo\/\" target=\"_blank\" rel=\"noopener noreferrer\">&gt;&gt; WatchGuard Cloud Demo<\/a> k\u00f6nnen Sie <strong>WatchGuard ThreatSync Core kostenlos testen<\/strong>: \u00dcber die Unified Security Platform der WatchGuard Cloud k\u00f6nnen Sie neben ThreatSync Core auch Multifaktor-Authentifizierung, Endpunkt-, Netzwerk- und WLAN-Sicherheit verwalten!<\/pre>\n<h3>Schutz vor Identit\u00e4tsdiebstahl mit Credential Access durch AuthPoint<\/h3>\n<p>ThreatSync Core liefert wertvolle Bedrohungsinformationen aus AuthPoint, indem Aktivit\u00e4ten, Ereignisse und Signale f\u00fcr die Korrelation und Risikobewertung erfasst werden. Durch die Nutzung dieser Daten von AuthPoint st\u00e4rkt diese Funktion den Schutz Ihres Unternehmens vor Identit\u00e4tsdiebstahl und unbefugtem Zugriff. ThreatSync Core bietet damit eine verbesserte Erkennung von Credential Access-Vorf\u00e4llen durch die Integration wichtiger Indicators of Compromise (IoCs) und Indicators of Attack (IoAs). Weitere Informationen in unserem Blog unter <a href=\"https:\/\/www.boc.de\/watchguard-info-portal\/2025\/01\/neues-threatsync-core-release-credential-access-mit-authpoint\/\" rel=\"noopener\" target=\"_blank\">>> Credential Access mit AuthPoint<\/a>.<\/p>\n<h3>M\u00f6glichkeiten und Vorteile<\/h3>\n<ul>\n<li>Produkt\u00fcbergreifende Erkennung von Bedrohungen<\/li>\n<li>Automatisierte Prozesse zur Neutralisierung und Abwehr von Cyberangriffen<\/li>\n<li>Zero-Konfiguration dank vereinfachter XDR-Bereitstellung und -Verwaltung<\/li>\n<li>Umfassende Sicherheit dank der vollst\u00e4ndig integrierten und produkt\u00fcbergreifenden Unified Security Platform<\/li>\n<li>Zentrale Sicht auf Bedrohungen<\/li>\n<\/ul>\n<p><center><video src=\"https:\/\/www.boc.de\/watchguard-info-portal\/wp-content\/uploads\/video\/XDR_WatchGuard_ThreatSync_Video.mp4\" poster=\"https:\/\/www.boc.de\/watchguard-info-portal\/wp-content\/uploads\/2023\/05\/watchguard-threatsync-video-poster.jpg\" controls=\"controls\" width=\"640\" height=\"480\"><span data-mce-type=\"bookmark\" style=\"display: inline-block; width: 0px; overflow: hidden; line-height: 0;\" class=\"mce_SELRES_start\">\ufeff<\/span><span data-mce-type=\"bookmark\" style=\"display: inline-block; width: 0px; overflow: hidden; line-height: 0;\" class=\"mce_SELRES_end\">\ufeff<\/span>Ihr Browser kann dieses Video nicht wiedergeben. Es ist ein Einf\u00fchrungsvideo von WatchGuard ThreatSync<span data-mce-type=\"bookmark\" style=\"display: inline-block; width: 0px; overflow: hidden; line-height: 0;\" class=\"mce_SELRES_start\">\ufeff<\/span>. Sie k\u00f6nnen es <a href=\"https:\/\/www.boc.de\/watchguard-info-portal\/wp-content\/uploads\/video\/XDR_WatchGuard_ThreatSync_Video.mp4\">hier<\/a> abrufen. <\/video><\/center><\/p>\n<blockquote><p><em>\u201eVor dem Hintergrund sich st\u00e4ndig ver\u00e4ndernder Angriffsszenarios kommt es bei der\u00a0Absicherung komplexer Netzwerke vor allem auf einen ganzheitlichen Blick und ein reibungsloses Zusammenspiel der einzelnen Abwehrmechanismen an. Mit ThreatSync profitieren unsere Partner und Kunden von echten XDR-F\u00e4higkeiten auf Basis der Integration unserer weitreichenden Sicherheitskomponenten. ThreatSync gew\u00e4hrleistet einen souver\u00e4nen Umgang mit IT-Sicherheit. Security-Verantwortliche k\u00f6nnen zielgenauer und effizienter arbeiten. Damit reduzieren sich sowohl Risiken als auch Kosten \u2013 und das alles mit einem Grad an Pr\u00e4zision, der auf anderen Wegen nicht zu erreichen w\u00e4re.\u201c <\/em><\/p>\n<p><em>Ricardo Arroyo, Principal Product Manager bei WatchGuard Technologies.<\/em><\/p><\/blockquote>\n<h3>Wichtige Funktionen<\/h3>\n<h4><img loading=\"lazy\" decoding=\"async\" class=\"size-full wp-image-17077 alignright\" src=\"https:\/\/www.boc.de\/watchguard-info-portal\/wp-content\/uploads\/2023\/05\/threatsync-priorisierung.jpg\" alt=\"\" width=\"489\" height=\"309\" srcset=\"https:\/\/wordpress.boc.de\/watchguard-info-portal\/wp-content\/uploads\/2023\/05\/threatsync-priorisierung.jpg 489w, https:\/\/wordpress.boc.de\/watchguard-info-portal\/wp-content\/uploads\/2023\/05\/threatsync-priorisierung-300x190.jpg 300w\" sizes=\"(max-width: 489px) 100vw, 489px\" \/>Umfassende Sicherheit dank einheitlicher Transparenz<\/h4>\n<p>Sind Sie mit der Genauigkeit Ihrer Bedrohungserkennung unzufrieden? ThreatSync erh\u00f6ht die Genauigkeit und beschleunigt die Erkennung, indem es die Bedrohungsdaten des gesamten Sicherheits-Stacks von WatchGuard automatisch in einer einzigen Oberfl\u00e4che zusammenf\u00fchrt. Dadurch wird die \u00dcbersichtlichkeit verbessert, die Effizienz gesteigert und die Handhabung vereinfacht.<\/p>\n<h4>Zeitersparnis durch die Priorisierung von Vorf\u00e4llen<\/h4>\n<p style=\"text-align: left;\">Oftmals m\u00fcssen Cybersicherheitsteams viel Zeit damit verbringen, Risiken, Vorf\u00e4lle und Bedrohungen zu priorisieren und zu verstehen. Mit den automatischen Bewertungen von ThreatSync und der Identifikation von b\u00f6sartigen Szenarien liefert WatchGuard den Kontext, den IT- und SEC-Teams ben\u00f6tigen, um die Risikostufe einer Bedrohung genau zu beurteilen. Dadurch wissen sie, wo sie ansetzen m\u00fcssen, um schnell die richtigen Entscheidungen zu treffen und die Bedrohung effektiv zu bek\u00e4mpfen.<\/p>\n<h4 style=\"text-align: left;\"><img loading=\"lazy\" decoding=\"async\" class=\"size-full wp-image-17076 alignleft\" src=\"https:\/\/www.boc.de\/watchguard-info-portal\/wp-content\/uploads\/2023\/05\/threatsync-erkennung.jpg\" alt=\"\" width=\"486\" height=\"360\" srcset=\"https:\/\/wordpress.boc.de\/watchguard-info-portal\/wp-content\/uploads\/2023\/05\/threatsync-erkennung.jpg 486w, https:\/\/wordpress.boc.de\/watchguard-info-portal\/wp-content\/uploads\/2023\/05\/threatsync-erkennung-300x222.jpg 300w\" sizes=\"(max-width: 486px) 100vw, 486px\" \/>Fr\u00fchzeitige Erkennung f\u00fcr besseren Schutz<\/h4>\n<p style=\"text-align: left;\">Die manuelle Zusammenstellung von Sicherheitsdaten aus verschiedenen Quellen entf\u00e4llt, wodurch der Aufwand f\u00fcr die Suche nach Bedrohungen reduziert wird. Mit ThreatSync k\u00f6nnen Sie Bedrohungen fr\u00fchzeitig erkennen, indem es Aktivit\u00e4ten korreliert, die anhand dom\u00e4nen\u00fcbergreifender Daten \u00fcberwacht werden. Dadurch wird die durchschnittliche Erkennungszeit reduziert und Hindernisse f\u00fcr das Sicherheitsteam werden beseitigt. Eine fr\u00fchzeitige Bedrohungserkennung erm\u00f6glicht eine schnellere Reaktion, um den Schaden zu begrenzen und potenzielle Angriffe abzuwehren.<\/p>\n<h4 style=\"text-align: left;\">Schnelleres Reagieren auf Bedrohungen<\/h4>\n<p style=\"text-align: left;\">Im Bereich der Sicherheit ist es entscheidend, schnell und effektiv auf Sicherheitsverletzungen zu reagieren. Je besser die Sicherheitsexperten \u00fcber die erforderlichen Informationen verf\u00fcgen, desto schneller k\u00f6nnen sie reagieren und den Schaden begrenzen. Mit ThreatSync k\u00f6nnen Sie die im gesamten Sicherheits-\u00d6kosystem verteilten Erkennungen miteinander verkn\u00fcpfen und Ihrem Team erm\u00f6glichen, mehrere Reaktionsma\u00dfnahmen festzulegen und zu automatisieren, um die Ausbreitung von Bedrohungen auf das gesamte Unternehmen zu verhindern. Auf diese Weise wird eine schnelle und effektive Reaktion auf Sicherheitsverletzungen sichergestellt.<\/p>\n<h3>Lizensierung<\/h3>\n<p>WatchGuard ThreatSync Core ist Bestandteil der WatchGuard Total Security Suite sowie in den WatchGuard EDR- und EPDR-Produkten enthalten. Es kann nur durch den Wechsel auf die Total Security Suite dazu lizensiert werden. Je mehr WatchGuard-Produkte ein Unternehmen einsetzt, desto umfangreicher fallen die XDR-M\u00f6glichkeiten und via ThreatSync Core erzielbaren Einblicke aus.<\/p>\n<h3>Downloads<\/h3>\n<ul>\n<li value=\"5\"><a href=\"https:\/\/www.boc.de\/watchguard-info-portal\/wp-content\/uploads\/2023\/05\/Datenblatt_ThreatSync_DE.pdf\" target=\"_blank\" rel=\"noopener noreferrer\">Datenblatt ThreatSync<\/a><\/li>\n<li><a href=\"https:\/\/www.boc.de\/watchguard-info-portal\/wp-content\/uploads\/2023\/05\/Solution_Brief_ThreatSync_XDR_de.pdf\" target=\"_blank\" rel=\"noopener noreferrer\">Solution-Brief ThreatSync (XDR)<\/a><\/li>\n<li value=\"5\"><a href=\"https:\/\/www.boc.de\/watchguard-info-portal\/wp-content\/uploads\/2023\/05\/eBook_Accessing_the_XDR_Realm_MSP_de.pdf\" target=\"_blank\" rel=\"noopener noreferrer\">eBook: Betreten Sie die XDR-Welt<\/a><\/li>\n<li value=\"5\"><a href=\"https:\/\/www.boc.de\/watchguard-info-portal\/wp-content\/uploads\/2023\/10\/Infografik-7-Irrtuemer-ueber-XDR.pdf\" target=\"_blank\" rel=\"noopener noreferrer\">Infografik: 7 Irrt\u00fcmer \u00fcber XDR<\/a><\/li>\n<li value=\"5\"><a href=\"https:\/\/www.boc.de\/watchguard-info-portal\/wp-content\/uploads\/2023\/04\/XDR-WatchGuard-ThreatSync_Broschuere.pdf\" target=\"_blank\" rel=\"noopener noreferrer\">BOC Brosch\u00fcre WatchGuard ThreatSync<\/a><\/li>\n<\/ul>\n<h3>Weitere Links<\/h3>\n<ul>\n<li value=\"5\"><a href=\"https:\/\/www.boc.de\/watchguard-info-portal\/2023\/05\/bestpractices-live-threatsync-fuer-kritis-betreiber-das-effiziente-system-zur-angriffserkennung\/\" target=\"_blank\" rel=\"noopener noreferrer\">Webinaraufzeichnung &#8220;ThreatSync f\u00fcr KRITIS-Betreiber: Das effiziente System zur Angriffserkennung&#8221;<\/a><\/li>\n<li><a href=\"https:\/\/www.boc.de\/watchguard-info-portal\/2023\/03\/systeme-zur-angriffserkennung-sza-mit-watchguard-endpoint-security\/\" target=\"_blank\" rel=\"noopener noreferrer\">Systeme zur Angriffserkennung (SzA) mit WatchGuard Endpoint Security<\/a><\/li>\n<li><a href=\"https:\/\/www.boc.de\/watchguard-info-portal\/2025\/01\/neues-threatsync-core-release-credential-access-mit-authpoint\/\" target=\"_blank\" rel=\"noopener noreferrer\">Credential Access mit AuthPoint<\/a><\/li>\n<li><a href=\"https:\/\/www.boc.de\/watchguard-info-portal\/2025\/02\/howto-erstinstallation-grundsetup-fuer-theatsync-core-in-der-watchguard-cloud\/\" target=\"_blank\" rel=\"noopener noreferrer\">HOWTO: Erstinstallation\/Grundsetup f\u00fcr TheatSync Core in der WatchGuard Cloud<\/a><\/li>\n<\/ul>\n<p><img loading=\"lazy\" decoding=\"async\" class=\"alignnone size-full wp-image-1473\" src=\"https:\/\/www.boc.de\/watchguard-info-portal\/wp-content\/uploads\/2016\/06\/emblem-rechts.gif\" alt=\"emblem-rechts\" width=\"48\" height=\"48\" \/>Zur \u00dcbersicht <a href=\"https:\/\/www.boc.de\/watchguard-info-portal\/produktinfos\/watchguard-security-services-und-suites\/\" target=\"_blank\" rel=\"noopener noreferrer\">&gt;&gt; WatchGuard Security Services und Suites<\/a><\/p>\n","protected":false},"excerpt":{"rendered":"<p>WatchGuard ThreatSync Core (XDR) Cyberangriffe schneller und effektiver identifizieren und beheben Unternehmen sind immer raffinierteren Cyberangriffen und immer mehr Bedrohungen ausgesetzt, die den Betrieb eines Unternehmens gef\u00e4hrden k\u00f6nnen, bevor der Angriff \u00fcberhaupt entdeckt worden ist. Der Einsatz verschiedener spezialisierter Einzell\u00f6sungen kann zu Sicherheitsl\u00fccken, nicht erfassten Bedrohungen und Betriebsproblemen f\u00fchren und verschwendet dar\u00fcber hinaus unn\u00f6tig kostbare Zeit und Geld. Dank der fortschrittlichsten XDR-Funktionen von WatchGuard ThreatSync &hellip; <a href=\"https:\/\/wordpress.boc.de\/watchguard-info-portal\/produktinfos\/watchguard-security-services-und-suites\/watchguard-threatsync-xdr\/\" class=\"more-link\">Weiterlesen <span class=\"screen-reader-text\">WatchGuard ThreatSync Core (XDR)<\/span> <span class=\"meta-nav\">&raquo;<\/span><\/a><\/p>\n","protected":false},"author":4,"featured_media":0,"parent":73,"menu_order":0,"comment_status":"closed","ping_status":"closed","template":"","meta":{"footnotes":""},"class_list":["post-17062","page","type-page","status-publish","hentry"],"_links":{"self":[{"href":"https:\/\/wordpress.boc.de\/watchguard-info-portal\/wp-json\/wp\/v2\/pages\/17062"}],"collection":[{"href":"https:\/\/wordpress.boc.de\/watchguard-info-portal\/wp-json\/wp\/v2\/pages"}],"about":[{"href":"https:\/\/wordpress.boc.de\/watchguard-info-portal\/wp-json\/wp\/v2\/types\/page"}],"author":[{"embeddable":true,"href":"https:\/\/wordpress.boc.de\/watchguard-info-portal\/wp-json\/wp\/v2\/users\/4"}],"replies":[{"embeddable":true,"href":"https:\/\/wordpress.boc.de\/watchguard-info-portal\/wp-json\/wp\/v2\/comments?post=17062"}],"version-history":[{"count":54,"href":"https:\/\/wordpress.boc.de\/watchguard-info-portal\/wp-json\/wp\/v2\/pages\/17062\/revisions"}],"predecessor-version":[{"id":30150,"href":"https:\/\/wordpress.boc.de\/watchguard-info-portal\/wp-json\/wp\/v2\/pages\/17062\/revisions\/30150"}],"up":[{"embeddable":true,"href":"https:\/\/wordpress.boc.de\/watchguard-info-portal\/wp-json\/wp\/v2\/pages\/73"}],"wp:attachment":[{"href":"https:\/\/wordpress.boc.de\/watchguard-info-portal\/wp-json\/wp\/v2\/media?parent=17062"}],"curies":[{"name":"wp","href":"https:\/\/api.w.org\/{rel}","templated":true}]}}