{"id":16042,"date":"2022-11-11T12:32:05","date_gmt":"2022-11-11T11:32:05","guid":{"rendered":"https:\/\/www.boc.de\/watchguard-info-portal\/?page_id=16042"},"modified":"2026-04-14T11:19:11","modified_gmt":"2026-04-14T09:19:11","slug":"q-and-a-anfrage","status":"publish","type":"page","link":"https:\/\/wordpress.boc.de\/watchguard-info-portal\/supportinfos\/q-and-a-anfrage\/","title":{"rendered":"Question &#038; Answer Session"},"content":{"rendered":"<div id=\"pl-16042\"  class=\"panel-layout\" ><div id=\"pg-16042-0\"  class=\"panel-grid panel-no-style\" ><div id=\"pgc-16042-0-0\"  class=\"panel-grid-cell\" ><div id=\"panel-16042-0-0-0\" class=\"so-panel widget widget_sow-editor panel-first-child panel-last-child\" data-index=\"0\" ><div\n\t\t\t\n\t\t\tclass=\"so-widget-sow-editor so-widget-sow-editor-base\"\n\t\t\t\n\t\t><h3 class=\"widget-title\"> WatchGuard Training Follow-Up Q&amp;A-Session<\/h3>\n<div class=\"siteorigin-widget-tinymce textwidget\">\n\t<p>Dieser Fragen-und-Antworten-Gruppentermin richtet sich an Personen, die k\u00fcrzlich eine unserer Schulungen besucht haben.<\/p>\n<p>Die Teilnehmer sammeln nach der Schulung selbst weitere praktische Erfahrung und haben dann hier die M\u00f6glichkeit, den Trainer<br \/>\nzu inzwischen aufgetauchten Fragen &amp; Themen zu konsultieren.<\/p>\n<p>Bitte haben Sie Verst\u00e4ndnis daf\u00fcr, dass wir nur eine begrenzte Menge an Teilnehmern pro Termin zulassen k\u00f6nnen.<\/p>\n<\/div>\n<\/div><\/div><\/div><\/div><div id=\"pg-16042-1\"  class=\"panel-grid panel-no-style\" ><div id=\"pgc-16042-1-0\"  class=\"panel-grid-cell panel-grid-cell-mobile-last\" ><div id=\"panel-16042-1-0-0\" class=\"so-panel widget widget_sow-contact-form panel-first-child panel-last-child\" data-index=\"1\" ><div\n\t\t\t\n\t\t\tclass=\"so-widget-sow-contact-form so-widget-sow-contact-form-default-e26fc5a8e02e-16042\"\n\t\t\t\n\t\t>\t<form\n\t\taction=\"\/watchguard-info-portal\/wp-json\/wp\/v2\/pages\/16042\"\n\t\tmethod=\"POST\"\n\t\tclass=\"sow-contact-form\"\n\t\tid=\"contact-form-d304\"\n\t>\n\n\t\t\n\t\t            <p><em>Mit * markierte Felder sind Pflichtfelder<\/em><\/p>\n\t\t\t\t\t\t<div class=\"sow-form-field sow-form-field-select\">\n\t\t\t\t<label class=\"sow-form-field-label-above\" for=\"sow-contact-form-field-verfuegbare-online-termine-5663969835d512a077ec48308532628\">\n\t\t\t\t<strong>\n\t\t\t\t\tVerf\u00fcgbare Online-Termine\t\t\t\t\t\t\t\t\t\t\t<span class=\"sow-form-field-required\">*<\/span>\n\t\t\t\t\t\t\t\t\t<\/strong>\n\t\t\t<\/label>\n\t\t\t\t\t\t\t<span class=\"sow-field-container\">\n\t\t\t\t\t\t\t<select\n\t\t\tname=\"verfuegbare-online-termine-5663969835d512a077ec48308532628\"\n\t\t\tid=\"sow-contact-form-field-verfuegbare-online-termine-5663969835d512a077ec48308532628\"\n\t\t\t\t\t\t\t\t>\n\t\t\t\t\t\t\t\t<option selected ><\/option>\n\t\t\t\t\t\t\t\t\t\t<option\n\t\t\t\t\t\tvalue=\"04.05.2026 14-16 Uhr  - Preis: 100\u20ac pro Teilnehmer\">\n\t\t\t\t\t\t04.05.2026 14-16 Uhr  - Preis: 100\u20ac pro Teilnehmer\t\t\t\t\t<\/option>\n\t\t\t\t\t\t\t\t\t<option\n\t\t\t\t\t\tvalue=\"08.06.2026 14-16 Uhr  - Preis: 100\u20ac pro Teilnehmer\">\n\t\t\t\t\t\t08.06.2026 14-16 Uhr  - Preis: 100\u20ac pro Teilnehmer\t\t\t\t\t<\/option>\n\t\t\t\t\t\t\t\t\t<option\n\t\t\t\t\t\tvalue=\"06.07.2026 14-16 Uhr  - Preis: 100\u20ac pro Teilnehmer\">\n\t\t\t\t\t\t06.07.2026 14-16 Uhr  - Preis: 100\u20ac pro Teilnehmer\t\t\t\t\t<\/option>\n\t\t\t\t\t\t<\/select>\n\t\t\t\t\t\t<\/span>\n\t\t\t\t\t\t\t<\/div>\n\t\t\t\t\t\t<div class=\"sow-form-field sow-form-field-text\">\n\t\t\t\t<label class=\"sow-form-field-label-above\" for=\"sow-contact-form-field-firma-organisation-5663969835d512a077ec48308532628\">\n\t\t\t\t<strong>\n\t\t\t\t\tFirma \/ Organisation\t\t\t\t\t\t\t\t\t\t\t<span class=\"sow-form-field-required\">*<\/span>\n\t\t\t\t\t\t\t\t\t<\/strong>\n\t\t\t<\/label>\n\t\t\t\t\t\t\t<span class=\"sow-field-container\">\n\t\t\t\t\t\t\t<input\n\t\t\ttype=\"text\"\n\t\t\tname=\"firma-organisation-5663969835d512a077ec48308532628\"\n\t\t\tid=\"sow-contact-form-field-firma-organisation-5663969835d512a077ec48308532628\"\n\t\t\tvalue=\"\"\n\t\t\tclass=\"sow-text-field\"\t\t\t\t\t\t\t\t\/>\n\t\t\t\t\t\t<\/span>\n\t\t\t\t\t\t\t<\/div>\n\t\t\t\t\t\t<div class=\"sow-form-field sow-form-field-textarea\">\n\t\t\t\t<label class=\"sow-form-field-label-above\" for=\"sow-contact-form-field-namen-der-teilnehmer-5663969835d512a077ec48308532628\">\n\t\t\t\t<strong>\n\t\t\t\t\tName(n) der Teilnehmer\t\t\t\t\t\t\t\t\t\t\t<span class=\"sow-form-field-required\">*<\/span>\n\t\t\t\t\t\t\t\t\t<\/strong>\n\t\t\t<\/label>\n\t\t\t\t\t\t\t<span class=\"sow-field-container\">\n\t\t\t\t\t\t\t<textarea\n\t\t\tname=\"namen-der-teilnehmer-5663969835d512a077ec48308532628\"\n\t\t\tid=\"sow-contact-form-field-namen-der-teilnehmer-5663969835d512a077ec48308532628\"\n\t\t\trows=\"10\"\n\t\t\t\t\t\t\t\t><\/textarea>\n\t\t\t\t\t\t<\/span>\n\t\t\t\t\t\t\t<\/div>\n\t\t\t\t\t\t<div class=\"sow-form-field sow-form-field-email\">\n\t\t\t\t<label class=\"sow-form-field-label-above\" for=\"sow-contact-form-field-e-mail-adresse-5663969835d512a077ec48308532628\">\n\t\t\t\t<strong>\n\t\t\t\t\tE-Mail-Adresse \t\t\t\t\t\t\t\t\t\t\t<span class=\"sow-form-field-required\">*<\/span>\n\t\t\t\t\t\t\t\t\t<\/strong>\n\t\t\t<\/label>\n\t\t\t\t\t\t\t<span class=\"sow-field-container\">\n\t\t\t\t\t\t\t<input\n\t\t\ttype=\"email\"\n\t\t\tname=\"e-mail-adresse-5663969835d512a077ec48308532628\"\n\t\t\tid=\"sow-contact-form-field-e-mail-adresse-5663969835d512a077ec48308532628\"\n\t\t\tvalue=\"\"\n\t\t\tclass=\"sow-text-field\"\t\t\t\t\t\t\t\t\/>\n\t\t\t\t\t\t<\/span>\n\t\t\t\t\t\t\t<\/div>\n\t\t\t\t\t\t<div class=\"sow-form-field sow-form-field-text\">\n\t\t\t\t<label class=\"sow-form-field-label-above\" for=\"sow-contact-form-field-telefonnummer-5663969835d512a077ec48308532628\">\n\t\t\t\t<strong>\n\t\t\t\t\tTelefonnummer \t\t\t\t\t\t\t\t\t<\/strong>\n\t\t\t<\/label>\n\t\t\t\t\t\t\t<span class=\"sow-field-container\">\n\t\t\t\t\t\t\t<input\n\t\t\ttype=\"text\"\n\t\t\tname=\"telefonnummer-5663969835d512a077ec48308532628\"\n\t\t\tid=\"sow-contact-form-field-telefonnummer-5663969835d512a077ec48308532628\"\n\t\t\tvalue=\"\"\n\t\t\tclass=\"sow-text-field\"\t\t\t\t\t\t\t\t\/>\n\t\t\t\t\t\t<\/span>\n\t\t\t\t\t\t\t<\/div>\n\t\t\t\t\t\t<div class=\"sow-form-field sow-form-field-textarea\">\n\t\t\t\t<label class=\"sow-form-field-label-above\" for=\"sow-contact-form-field-anmerkungen-themengebiete-informationen-an-den-trainer-5663969835d512a077ec48308532628\">\n\t\t\t\t<strong>\n\t\t\t\t\tAnmerkungen \/ Themengebiete \/ Informationen an den Trainer\t\t\t\t\t\t\t\t\t<\/strong>\n\t\t\t<\/label>\n\t\t\t\t\t\t\t<span class=\"sow-field-container\">\n\t\t\t\t\t\t\t<textarea\n\t\t\tname=\"anmerkungen-themengebiete-informationen-an-den-trainer-5663969835d512a077ec48308532628\"\n\t\t\tid=\"sow-contact-form-field-anmerkungen-themengebiete-informationen-an-den-trainer-5663969835d512a077ec48308532628\"\n\t\t\trows=\"10\"\n\t\t\t\t\t\t\t\t><\/textarea>\n\t\t\t\t\t\t<\/span>\n\t\t\t\t\t\t\t<\/div>\n\t\t\t\t\t\t<div class=\"sow-form-field sow-form-field-checkboxes\">\n\t\t\t\t<label class=\"sow-form-field-label-above\" for=\"sow-contact-form-field-datenschutz-5663969835d512a077ec48308532628\">\n\t\t\t\t<strong>\n\t\t\t\t\tDatenschutz \t\t\t\t\t\t\t\t\t\t\t<span class=\"sow-form-field-required\">*<\/span>\n\t\t\t\t\t\t\t\t\t<\/strong>\n\t\t\t<\/label>\n\t\t\t\t\t\t\t<span class=\"sow-field-container\">\n\t\t\t\t\t\t\t\t<ul>\n\t\t\t\t\t\t\t\t\t\t\t\t\t\t<li>\n\t\t\t\t\t\t<input\n\t\t\t\t\t\t\ttype=\"checkbox\"\n\t\t\t\t\t\t\tvalue=\"Ich stimme den Datenschutzbestimmungen zu.\"\n\t\t\t\t\t\t\tname=\"datenschutz-5663969835d512a077ec48308532628[]\"\n\t\t\t\t\t\t\tid=\"sow-contact-form-field-datenschutz-5663969835d512a077ec48308532628-0\"\n\t\t\t\t\t\t\t\t\t\t\t\t\t\t\t\t\t\t\t\t\/>\n\t\t\t\t\t\t<label for=\"sow-contact-form-field-datenschutz-5663969835d512a077ec48308532628-0\">\n\t\t\t\t\t\t\tIch stimme den Datenschutzbestimmungen zu.\t\t\t\t\t\t<\/label>\n\t\t\t\t\t<\/li>\n\t\t\t\t\t\t\t<\/ul>\n\t\t\t\t\t\t<\/span>\n\t\t\t\t\t                <div class=\"sow-form-field-description\">\n\t\t\t\t\t\tHier k\u00f6nnen Sie die <a href=\"\/datenschutz\/\" target=\"_new\">Datenschutzbestimmungen<\/a> einsehen.\t                <\/div>\n\t\t\t\t\t\t\t\t<\/div>\n\t\t\t\n\t\t\t\t\t<div class=\"sow-recaptcha\"\n\t\t\t\t\t\t\t\t\tdata-config=\"{&quot;sitekey&quot;:&quot;6Lc88CITAAAAAKXQ41Otpw0I4CyLOUkDqUvSJ2rh&quot;,&quot;theme&quot;:&quot;light&quot;,&quot;type&quot;:&quot;image&quot;,&quot;size&quot;:&quot;normal&quot;}\"\n\t\t\t\t\t\t\t><\/div>\n\t\t\t\n\t\t<div class=\"sow-submit-wrapper \">\n\n\t\t\t<button\n\t\t\t\ttype=\"submit\"\n\t\t\t\tclass=\"sow-submit\"\n\t\t\t\t\t\t\t>\n\t\t\t\tKostenpflichtig zur Q&amp;A-Session anmelden\t\t\t<\/button>\n\t\t<\/div>\n\t\t\t\t<input type=\"hidden\" name=\"instance_hash\" value=\"d304a6e74480a027b9b5251433ca0849\" \/>\n\t\t<input type=\"hidden\" id=\"_wpnonce\" name=\"_wpnonce\" value=\"a5208a3a4a\" \/><input type=\"hidden\" name=\"_wp_http_referer\" value=\"\/watchguard-info-portal\/wp-json\/wp\/v2\/pages\/16042\" \/>\t<\/form>\n\t<\/div><\/div><\/div><div id=\"pgc-16042-1-1\"  class=\"panel-grid-cell panel-grid-cell-empty\" ><\/div><\/div><\/div>","protected":false},"excerpt":{"rendered":"<p>Dieser Fragen-und-Antworten-Gruppentermin richtet sich an Personen, die k\u00fcrzlich eine unserer Schulungen besucht haben. Die Teilnehmer sammeln nach der Schulung selbst weitere praktische Erfahrung und haben dann hier die M\u00f6glichkeit, den Trainer zu inzwischen aufgetauchten Fragen &amp; Themen zu konsultieren. Bitte haben Sie Verst\u00e4ndnis daf\u00fcr, dass wir nur eine begrenzte Menge an Teilnehmern pro Termin zulassen k\u00f6nnen.<\/p>\n","protected":false},"author":7,"featured_media":0,"parent":28,"menu_order":0,"comment_status":"closed","ping_status":"closed","template":"","meta":{"footnotes":""},"class_list":["post-16042","page","type-page","status-publish","hentry"],"_links":{"self":[{"href":"https:\/\/wordpress.boc.de\/watchguard-info-portal\/wp-json\/wp\/v2\/pages\/16042"}],"collection":[{"href":"https:\/\/wordpress.boc.de\/watchguard-info-portal\/wp-json\/wp\/v2\/pages"}],"about":[{"href":"https:\/\/wordpress.boc.de\/watchguard-info-portal\/wp-json\/wp\/v2\/types\/page"}],"author":[{"embeddable":true,"href":"https:\/\/wordpress.boc.de\/watchguard-info-portal\/wp-json\/wp\/v2\/users\/7"}],"replies":[{"embeddable":true,"href":"https:\/\/wordpress.boc.de\/watchguard-info-portal\/wp-json\/wp\/v2\/comments?post=16042"}],"version-history":[{"count":56,"href":"https:\/\/wordpress.boc.de\/watchguard-info-portal\/wp-json\/wp\/v2\/pages\/16042\/revisions"}],"predecessor-version":[{"id":30791,"href":"https:\/\/wordpress.boc.de\/watchguard-info-portal\/wp-json\/wp\/v2\/pages\/16042\/revisions\/30791"}],"up":[{"embeddable":true,"href":"https:\/\/wordpress.boc.de\/watchguard-info-portal\/wp-json\/wp\/v2\/pages\/28"}],"wp:attachment":[{"href":"https:\/\/wordpress.boc.de\/watchguard-info-portal\/wp-json\/wp\/v2\/media?parent=16042"}],"curies":[{"name":"wp","href":"https:\/\/api.w.org\/{rel}","templated":true}]}}