{"id":15963,"date":"2022-11-04T10:15:44","date_gmt":"2022-11-04T09:15:44","guid":{"rendered":"https:\/\/www.boc.de\/watchguard-info-portal\/?page_id=15963"},"modified":"2024-03-07T13:14:50","modified_gmt":"2024-03-07T12:14:50","slug":"kontakt-221104","status":"publish","type":"page","link":"https:\/\/wordpress.boc.de\/watchguard-info-portal\/kontakt-221104\/","title":{"rendered":"Kontaktformular BOC E-Mail Promotion"},"content":{"rendered":"<div id=\"pl-15963\"  class=\"panel-layout\" ><div id=\"pg-15963-0\"  class=\"panel-grid panel-no-style\" ><div id=\"pgc-15963-0-0\"  class=\"panel-grid-cell\" ><div id=\"panel-15963-0-0-0\" class=\"so-panel widget widget_sow-editor panel-first-child\" data-index=\"0\" ><div\n\t\t\t\n\t\t\tclass=\"so-widget-sow-editor so-widget-sow-editor-base\"\n\t\t\t\n\t\t>\n<div class=\"siteorigin-widget-tinymce textwidget\">\n\t<h3>Ihre Nachricht an BOC:<\/h3>\n<p>Vielen Dank, dass sie unseren aktuellen BOC Newsletter gelesen und das Kontaktformular aufgerufen haben.<br \/>Wir m\u00f6chten Ihnen den n\u00e4chsten Schritt so einfach wie m\u00f6glich machen und bieten hier ein paar einfache Vorschl\u00e4ge.<br \/>Nichts Passendes dabei?<br \/>Mit der Option \"Etwas anderes...\" k\u00f6nnen Sie uns auch spontan und unkompliziert eine einfache Nachricht zukommen lassen...<\/p>\n<\/div>\n<\/div><\/div><div id=\"panel-15963-0-0-1\" class=\"so-panel widget widget_sow-contact-form panel-last-child\" data-index=\"1\" ><div\n\t\t\t\n\t\t\tclass=\"so-widget-sow-contact-form so-widget-sow-contact-form-default-4099c16794a8-15963\"\n\t\t\t\n\t\t>\t<form\n\t\taction=\"\/watchguard-info-portal\/wp-json\/wp\/v2\/pages\/15963\"\n\t\tmethod=\"POST\"\n\t\tclass=\"sow-contact-form\"\n\t\tid=\"contact-form-e9d6\"\n\t>\n\n\t\t\n\t\t            <p><em>Mit * markierte Felder sind Pflichtfelder<\/em><\/p>\n\t\t\t\t\t\t<div class=\"sow-form-field sow-form-field-checkboxes\">\n\t\t\t\t<label class=\"sow-form-field-label-above\" for=\"sow-contact-form-field-was-koennen-wir-fuer-sie-tun-mehrfachauswahl-moeglich-2504060536364d21955551314133129\">\n\t\t\t\t<strong>\n\t\t\t\t\tWas k\u00f6nnen wir f\u00fcr Sie tun? (Mehrfachauswahl m\u00f6glich)\t\t\t\t\t\t\t\t\t<\/strong>\n\t\t\t<\/label>\n\t\t\t\t\t\t\t<span class=\"sow-field-container\">\n\t\t\t\t\t\t\t\t<ul>\n\t\t\t\t\t\t\t\t\t\t\t\t\t\t<li>\n\t\t\t\t\t\t<input\n\t\t\t\t\t\t\ttype=\"checkbox\"\n\t\t\t\t\t\t\tvalue=\"Ich m\u00f6chte gerne die kostenfreie 5-User Lizenz &quot;WatchGuard Passport&quot; anfordern...\"\n\t\t\t\t\t\t\tname=\"was-koennen-wir-fuer-sie-tun-mehrfachauswahl-moeglich-2504060536364d21955551314133129[]\"\n\t\t\t\t\t\t\tid=\"sow-contact-form-field-was-koennen-wir-fuer-sie-tun-mehrfachauswahl-moeglich-2504060536364d21955551314133129-0\"\n\t\t\t\t\t\t\t\t\t\t\t\t\t\t\t\t\t\t\t\t\/>\n\t\t\t\t\t\t<label for=\"sow-contact-form-field-was-koennen-wir-fuer-sie-tun-mehrfachauswahl-moeglich-2504060536364d21955551314133129-0\">\n\t\t\t\t\t\t\tIch m\u00f6chte gerne die kostenfreie 5-User Lizenz \"WatchGuard Passport\" anfordern...\t\t\t\t\t\t<\/label>\n\t\t\t\t\t<\/li>\n\t\t\t\t\t\t\t\t\t\t\t\t\t\t<li>\n\t\t\t\t\t\t<input\n\t\t\t\t\t\t\ttype=\"checkbox\"\n\t\t\t\t\t\t\tvalue=\"Ich m\u00f6chte einen R\u00fcckruf vom Vertrieb\/Kundenbetreuer (kaufm\u00e4nnisch)\"\n\t\t\t\t\t\t\tname=\"was-koennen-wir-fuer-sie-tun-mehrfachauswahl-moeglich-2504060536364d21955551314133129[]\"\n\t\t\t\t\t\t\tid=\"sow-contact-form-field-was-koennen-wir-fuer-sie-tun-mehrfachauswahl-moeglich-2504060536364d21955551314133129-1\"\n\t\t\t\t\t\t\t\t\t\t\t\t\t\t\t\t\t\t\t\t\/>\n\t\t\t\t\t\t<label for=\"sow-contact-form-field-was-koennen-wir-fuer-sie-tun-mehrfachauswahl-moeglich-2504060536364d21955551314133129-1\">\n\t\t\t\t\t\t\tIch m\u00f6chte einen R\u00fcckruf vom Vertrieb\/Kundenbetreuer (kaufm\u00e4nnisch)\t\t\t\t\t\t<\/label>\n\t\t\t\t\t<\/li>\n\t\t\t\t\t\t\t\t\t\t\t\t\t\t<li>\n\t\t\t\t\t\t<input\n\t\t\t\t\t\t\ttype=\"checkbox\"\n\t\t\t\t\t\t\tvalue=\"Ich m\u00f6chte einen R\u00fcckruf vom Vertrieb\/Kundenbetreuer (technisch)\"\n\t\t\t\t\t\t\tname=\"was-koennen-wir-fuer-sie-tun-mehrfachauswahl-moeglich-2504060536364d21955551314133129[]\"\n\t\t\t\t\t\t\tid=\"sow-contact-form-field-was-koennen-wir-fuer-sie-tun-mehrfachauswahl-moeglich-2504060536364d21955551314133129-2\"\n\t\t\t\t\t\t\t\t\t\t\t\t\t\t\t\t\t\t\t\t\/>\n\t\t\t\t\t\t<label for=\"sow-contact-form-field-was-koennen-wir-fuer-sie-tun-mehrfachauswahl-moeglich-2504060536364d21955551314133129-2\">\n\t\t\t\t\t\t\tIch m\u00f6chte einen R\u00fcckruf vom Vertrieb\/Kundenbetreuer (technisch)\t\t\t\t\t\t<\/label>\n\t\t\t\t\t<\/li>\n\t\t\t\t\t\t\t\t\t\t\t\t\t\t<li>\n\t\t\t\t\t\t<input\n\t\t\t\t\t\t\ttype=\"checkbox\"\n\t\t\t\t\t\t\tvalue=\"Ich brauche ein schriftliches Angebot... (Bitte die Artikel\/St\u00fcckzahlen einfach unten in das Feld &quot;Anmerkungen&quot; schreiben)\"\n\t\t\t\t\t\t\tname=\"was-koennen-wir-fuer-sie-tun-mehrfachauswahl-moeglich-2504060536364d21955551314133129[]\"\n\t\t\t\t\t\t\tid=\"sow-contact-form-field-was-koennen-wir-fuer-sie-tun-mehrfachauswahl-moeglich-2504060536364d21955551314133129-3\"\n\t\t\t\t\t\t\t\t\t\t\t\t\t\t\t\t\t\t\t\t\/>\n\t\t\t\t\t\t<label for=\"sow-contact-form-field-was-koennen-wir-fuer-sie-tun-mehrfachauswahl-moeglich-2504060536364d21955551314133129-3\">\n\t\t\t\t\t\t\tIch brauche ein schriftliches Angebot... (Bitte die Artikel\/St\u00fcckzahlen einfach unten in das Feld \"Anmerkungen\" schreiben)\t\t\t\t\t\t<\/label>\n\t\t\t\t\t<\/li>\n\t\t\t\t\t\t\t\t\t\t\t\t\t\t<li>\n\t\t\t\t\t\t<input\n\t\t\t\t\t\t\ttype=\"checkbox\"\n\t\t\t\t\t\t\tvalue=\"Etwas anderes... (Bitte Ihre Fragen\/W\u00fcnsche einfach unten in das Feld &quot;Anmerkungen&quot; schreiben)\"\n\t\t\t\t\t\t\tname=\"was-koennen-wir-fuer-sie-tun-mehrfachauswahl-moeglich-2504060536364d21955551314133129[]\"\n\t\t\t\t\t\t\tid=\"sow-contact-form-field-was-koennen-wir-fuer-sie-tun-mehrfachauswahl-moeglich-2504060536364d21955551314133129-4\"\n\t\t\t\t\t\t\t\t\t\t\t\t\t\t\t\t\t\t\t\t\/>\n\t\t\t\t\t\t<label for=\"sow-contact-form-field-was-koennen-wir-fuer-sie-tun-mehrfachauswahl-moeglich-2504060536364d21955551314133129-4\">\n\t\t\t\t\t\t\tEtwas anderes... (Bitte Ihre Fragen\/W\u00fcnsche einfach unten in das Feld \"Anmerkungen\" schreiben)\t\t\t\t\t\t<\/label>\n\t\t\t\t\t<\/li>\n\t\t\t\t\t\t\t<\/ul>\n\t\t\t\t\t\t<\/span>\n\t\t\t\t\t                <div class=\"sow-form-field-description\">\n\t\t\t\t\t\tMehrfachauswahl m\u00f6glich\t                <\/div>\n\t\t\t\t\t\t\t\t<\/div>\n\t\t\t\t\t\t<div class=\"sow-form-field sow-form-field-checkboxes\">\n\t\t\t\t<label class=\"sow-form-field-label-above\" for=\"sow-contact-form-field-oder-ich-moechte-bereits-etwas-bestellen-2504060536364d21955551314133129\">\n\t\t\t\t<strong>\n\t\t\t\t\tOder: Ich m\u00f6chte bereits etwas bestellen!\t\t\t\t\t\t\t\t\t<\/strong>\n\t\t\t<\/label>\n\t\t\t\t\t\t\t<span class=\"sow-field-container\">\n\t\t\t\t\t\t\t\t<ul>\n\t\t\t\t\t\t\t\t\t\t\t\t\t\t<li>\n\t\t\t\t\t\t<input\n\t\t\t\t\t\t\ttype=\"checkbox\"\n\t\t\t\t\t\t\tvalue=\"KOSTENPFLICHTIGE BESTELLUNG: (Bitte die Artikel\/St\u00fcckzahlen einfach unten in das Feld &quot;Anmerkungen&quot; schreiben)\"\n\t\t\t\t\t\t\tname=\"oder-ich-moechte-bereits-etwas-bestellen-2504060536364d21955551314133129[]\"\n\t\t\t\t\t\t\tid=\"sow-contact-form-field-oder-ich-moechte-bereits-etwas-bestellen-2504060536364d21955551314133129-0\"\n\t\t\t\t\t\t\t\t\t\t\t\t\t\t\t\t\t\t\t\t\/>\n\t\t\t\t\t\t<label for=\"sow-contact-form-field-oder-ich-moechte-bereits-etwas-bestellen-2504060536364d21955551314133129-0\">\n\t\t\t\t\t\t\tKOSTENPFLICHTIGE BESTELLUNG: (Bitte die Artikel\/St\u00fcckzahlen einfach unten in das Feld \"Anmerkungen\" schreiben)\t\t\t\t\t\t<\/label>\n\t\t\t\t\t<\/li>\n\t\t\t\t\t\t\t\t\t\t\t\t\t\t<li>\n\t\t\t\t\t\t<input\n\t\t\t\t\t\t\ttype=\"checkbox\"\n\t\t\t\t\t\t\tvalue=\"Ich bestelle zus\u00e4tzlich auch die 1:1 Migration und den Basischeck der Konfigurationsdatei (500 \u20ac zzgl. MwSt.)\"\n\t\t\t\t\t\t\tname=\"oder-ich-moechte-bereits-etwas-bestellen-2504060536364d21955551314133129[]\"\n\t\t\t\t\t\t\tid=\"sow-contact-form-field-oder-ich-moechte-bereits-etwas-bestellen-2504060536364d21955551314133129-1\"\n\t\t\t\t\t\t\t\t\t\t\t\t\t\t\t\t\t\t\t\t\/>\n\t\t\t\t\t\t<label for=\"sow-contact-form-field-oder-ich-moechte-bereits-etwas-bestellen-2504060536364d21955551314133129-1\">\n\t\t\t\t\t\t\tIch bestelle zus\u00e4tzlich auch die 1:1 Migration und den Basischeck der Konfigurationsdatei (500 \u20ac zzgl. MwSt.)\t\t\t\t\t\t<\/label>\n\t\t\t\t\t<\/li>\n\t\t\t\t\t\t\t<\/ul>\n\t\t\t\t\t\t<\/span>\n\t\t\t\t\t                <div class=\"sow-form-field-description\">\n\t\t\t\t\t\tMehrfachauswahl m\u00f6glich\t                <\/div>\n\t\t\t\t\t\t\t\t<\/div>\n\t\t\t\t\t\t<div class=\"sow-form-field sow-form-field-textarea\">\n\t\t\t\t<label class=\"sow-form-field-label-above\" for=\"sow-contact-form-field-firma-organisation-2504060536364d21955551314133129\">\n\t\t\t\t<strong>\n\t\t\t\t\tFirma \/ Organisation\t\t\t\t\t\t\t\t\t\t\t<span class=\"sow-form-field-required\">*<\/span>\n\t\t\t\t\t\t\t\t\t<\/strong>\n\t\t\t<\/label>\n\t\t\t\t\t\t\t<span class=\"sow-field-container\">\n\t\t\t\t\t\t\t<textarea\n\t\t\tname=\"firma-organisation-2504060536364d21955551314133129\"\n\t\t\tid=\"sow-contact-form-field-firma-organisation-2504060536364d21955551314133129\"\n\t\t\trows=\"10\"\n\t\t\t\t\t\t\t\t><\/textarea>\n\t\t\t\t\t\t<\/span>\n\t\t\t\t\t                <div class=\"sow-form-field-description\">\n\t\t\t\t\t\tSo sollte bei einer Bestellung die Rechnungsanschrift aussehen.\t                <\/div>\n\t\t\t\t\t\t\t\t<\/div>\n\t\t\t\t\t\t<div class=\"sow-form-field sow-form-field-name\">\n\t\t\t\t<label class=\"sow-form-field-label-above\" for=\"sow-contact-form-field-ansprechpartner-2504060536364d21955551314133129\">\n\t\t\t\t<strong>\n\t\t\t\t\tAnsprechpartner\t\t\t\t\t\t\t\t\t\t\t<span class=\"sow-form-field-required\">*<\/span>\n\t\t\t\t\t\t\t\t\t<\/strong>\n\t\t\t<\/label>\n\t\t\t\t\t\t\t<span class=\"sow-field-container\">\n\t\t\t\t\t\t\t<input\n\t\t\ttype=\"text\"\n\t\t\tname=\"ansprechpartner-2504060536364d21955551314133129\"\n\t\t\tid=\"sow-contact-form-field-ansprechpartner-2504060536364d21955551314133129\"\n\t\t\tvalue=\"\"\n\t\t\tclass=\"sow-text-field\"\n\t\t\t\t\t\/>\n\t\t\t\t\t\t<\/span>\n\t\t\t\t\t\t\t<\/div>\n\t\t\t\t\t\t<div class=\"sow-form-field sow-form-field-email\">\n\t\t\t\t<label class=\"sow-form-field-label-above\" for=\"sow-contact-form-field-e-mail-adresse-2504060536364d21955551314133129\">\n\t\t\t\t<strong>\n\t\t\t\t\tE-Mail-Adresse\t\t\t\t\t\t\t\t\t\t\t<span class=\"sow-form-field-required\">*<\/span>\n\t\t\t\t\t\t\t\t\t<\/strong>\n\t\t\t<\/label>\n\t\t\t\t\t\t\t<span class=\"sow-field-container\">\n\t\t\t\t\t\t\t<input\n\t\t\ttype=\"email\"\n\t\t\tname=\"e-mail-adresse-2504060536364d21955551314133129\"\n\t\t\tid=\"sow-contact-form-field-e-mail-adresse-2504060536364d21955551314133129\"\n\t\t\tvalue=\"\"\n\t\t\tclass=\"sow-text-field\"\t\t\t\t\t\t\t\t\/>\n\t\t\t\t\t\t<\/span>\n\t\t\t\t\t\t\t<\/div>\n\t\t\t\t\t\t<div class=\"sow-form-field sow-form-field-text\">\n\t\t\t\t<label class=\"sow-form-field-label-above\" for=\"sow-contact-form-field-telefonnummer-2504060536364d21955551314133129\">\n\t\t\t\t<strong>\n\t\t\t\t\tTelefonnummer\t\t\t\t\t\t\t\t\t\t\t<span class=\"sow-form-field-required\">*<\/span>\n\t\t\t\t\t\t\t\t\t<\/strong>\n\t\t\t<\/label>\n\t\t\t\t\t\t\t<span class=\"sow-field-container\">\n\t\t\t\t\t\t\t<input\n\t\t\ttype=\"text\"\n\t\t\tname=\"telefonnummer-2504060536364d21955551314133129\"\n\t\t\tid=\"sow-contact-form-field-telefonnummer-2504060536364d21955551314133129\"\n\t\t\tvalue=\"\"\n\t\t\tclass=\"sow-text-field\"\t\t\t\t\t\t\t\t\/>\n\t\t\t\t\t\t<\/span>\n\t\t\t\t\t\t\t<\/div>\n\t\t\t\t\t\t<div class=\"sow-form-field sow-form-field-textarea\">\n\t\t\t\t<label class=\"sow-form-field-label-above\" for=\"sow-contact-form-field-weitere-anmerkungen-mitteilungen-2504060536364d21955551314133129\">\n\t\t\t\t<strong>\n\t\t\t\t\tWeitere Anmerkungen \/ Mitteilungen\t\t\t\t\t\t\t\t\t<\/strong>\n\t\t\t<\/label>\n\t\t\t\t\t\t\t<span class=\"sow-field-container\">\n\t\t\t\t\t\t\t<textarea\n\t\t\tname=\"weitere-anmerkungen-mitteilungen-2504060536364d21955551314133129\"\n\t\t\tid=\"sow-contact-form-field-weitere-anmerkungen-mitteilungen-2504060536364d21955551314133129\"\n\t\t\trows=\"10\"\n\t\t\t\t\t\t\t\t><\/textarea>\n\t\t\t\t\t\t<\/span>\n\t\t\t\t\t                <div class=\"sow-form-field-description\">\n\t\t\t\t\t\tHier k\u00f6nnen Sie uns weitere Informationen, Fragen, W\u00fcnsche zukommen lassen.\t                <\/div>\n\t\t\t\t\t\t\t\t<\/div>\n\t\t\t\t\t\t<div class=\"sow-form-field sow-form-field-checkboxes\">\n\t\t\t\t<label class=\"sow-form-field-label-above\" for=\"sow-contact-form-field-datenschutz-2504060536364d21955551314133129\">\n\t\t\t\t<strong>\n\t\t\t\t\tDatenschutz \t\t\t\t\t\t\t\t\t\t\t<span class=\"sow-form-field-required\">*<\/span>\n\t\t\t\t\t\t\t\t\t<\/strong>\n\t\t\t<\/label>\n\t\t\t\t\t\t\t<span class=\"sow-field-container\">\n\t\t\t\t\t\t\t\t<ul>\n\t\t\t\t\t\t\t\t\t\t\t\t\t\t<li>\n\t\t\t\t\t\t<input\n\t\t\t\t\t\t\ttype=\"checkbox\"\n\t\t\t\t\t\t\tvalue=\"Ich stimme den Datenschutzbestimmungen zu.\"\n\t\t\t\t\t\t\tname=\"datenschutz-2504060536364d21955551314133129[]\"\n\t\t\t\t\t\t\tid=\"sow-contact-form-field-datenschutz-2504060536364d21955551314133129-0\"\n\t\t\t\t\t\t\t\t\t\t\t\t\t\t\t\t\t\t\t\t\/>\n\t\t\t\t\t\t<label for=\"sow-contact-form-field-datenschutz-2504060536364d21955551314133129-0\">\n\t\t\t\t\t\t\tIch stimme den Datenschutzbestimmungen zu.\t\t\t\t\t\t<\/label>\n\t\t\t\t\t<\/li>\n\t\t\t\t\t\t\t<\/ul>\n\t\t\t\t\t\t<\/span>\n\t\t\t\t\t                <div class=\"sow-form-field-description\">\n\t\t\t\t\t\tHier k\u00f6nnen Sie die <a href=\"\/datenschutz\/\" target=\"_new\">Datenschutzbestimmungen<\/a> einsehen.\t                <\/div>\n\t\t\t\t\t\t\t\t<\/div>\n\t\t\t\n\t\t\n\t\t<div class=\"sow-submit-wrapper \">\n\n\t\t\t<button\n\t\t\t\ttype=\"submit\"\n\t\t\t\tclass=\"sow-submit\"\n\t\t\t\t\t\t\t>\n\t\t\t\tFormular jetzt absenden!\t\t\t<\/button>\n\t\t<\/div>\n\t\t\t\t<input type=\"hidden\" name=\"instance_hash\" value=\"e9d60441d6f99d3dca8a9bc76aba42d3\" \/>\n\t\t<input type=\"hidden\" id=\"_wpnonce\" name=\"_wpnonce\" value=\"4e3e7b818a\" \/><input type=\"hidden\" name=\"_wp_http_referer\" value=\"\/watchguard-info-portal\/wp-json\/wp\/v2\/pages\/15963\" \/>\t<\/form>\n\t<\/div><\/div><\/div><\/div><\/div>","protected":false},"excerpt":{"rendered":"<p>Ihre Nachricht an BOC: Vielen Dank, dass sie unseren aktuellen BOC Newsletter gelesen und das Kontaktformular aufgerufen haben.Wir m\u00f6chten Ihnen den n\u00e4chsten Schritt so einfach wie m\u00f6glich machen und bieten hier ein paar einfache Vorschl\u00e4ge.Nichts Passendes dabei?Mit der Option &#8220;Etwas anderes&#8230;&#8221; k\u00f6nnen Sie uns auch spontan und unkompliziert eine einfache Nachricht zukommen lassen&#8230;<\/p>\n","protected":false},"author":7,"featured_media":0,"parent":0,"menu_order":0,"comment_status":"closed","ping_status":"closed","template":"","meta":{"footnotes":""},"class_list":["post-15963","page","type-page","status-publish","hentry"],"_links":{"self":[{"href":"https:\/\/wordpress.boc.de\/watchguard-info-portal\/wp-json\/wp\/v2\/pages\/15963"}],"collection":[{"href":"https:\/\/wordpress.boc.de\/watchguard-info-portal\/wp-json\/wp\/v2\/pages"}],"about":[{"href":"https:\/\/wordpress.boc.de\/watchguard-info-portal\/wp-json\/wp\/v2\/types\/page"}],"author":[{"embeddable":true,"href":"https:\/\/wordpress.boc.de\/watchguard-info-portal\/wp-json\/wp\/v2\/users\/7"}],"replies":[{"embeddable":true,"href":"https:\/\/wordpress.boc.de\/watchguard-info-portal\/wp-json\/wp\/v2\/comments?post=15963"}],"version-history":[{"count":21,"href":"https:\/\/wordpress.boc.de\/watchguard-info-portal\/wp-json\/wp\/v2\/pages\/15963\/revisions"}],"predecessor-version":[{"id":18955,"href":"https:\/\/wordpress.boc.de\/watchguard-info-portal\/wp-json\/wp\/v2\/pages\/15963\/revisions\/18955"}],"wp:attachment":[{"href":"https:\/\/wordpress.boc.de\/watchguard-info-portal\/wp-json\/wp\/v2\/media?parent=15963"}],"curies":[{"name":"wp","href":"https:\/\/api.w.org\/{rel}","templated":true}]}}