{"id":15621,"date":"2022-08-17T13:50:48","date_gmt":"2022-08-17T11:50:48","guid":{"rendered":"https:\/\/www.boc.de\/watchguard-info-portal\/?page_id=15621"},"modified":"2024-03-14T11:16:19","modified_gmt":"2024-03-14T10:16:19","slug":"panda-und-watchguard-epdr-endpoints","status":"publish","type":"page","link":"https:\/\/wordpress.boc.de\/watchguard-info-portal\/allgemeines\/panda-und-watchguard-epdr-endpoints\/","title":{"rendered":"Panda und WatchGuard EPDR Endpoints"},"content":{"rendered":"<h2><strong>Panda und WatchGuard EPDR Endpoints<\/strong><\/h2>\n<p>Als Endpoint bezeichnet man eine IP oder Domain bspw. bei Microsoft, die ben\u00f6tigt wird, damit der entsprechende Dienst vern\u00fcnftig l\u00e4uft. In Ihrer WatchGuard sollten Sie nur die Endpoints freigeben, die Sie auch wirklich ben\u00f6tigen. In regelm\u00e4\u00dfigen Abst\u00e4nden empfehlen wir Ihnen die aktuellen Domains\/IPs aus unserem unten stehenden Tool herauszukopieren und entsprechend zu aktualisieren, da diese Daten regelm\u00e4\u00dfig synchronisiert werden.<\/p>\n<p><strong>&gt;&gt; Panda und WatchGuard EPDR Endpoints <a href=\"https:\/\/www.boc.de\/watchguard-info-portal\/data\/pdwg-endpoints.txt\" target=\"_blank\" rel=\"noopener noreferrer\">TXT<\/a><\/strong><\/p>\n<h3>Weitere Endpoint Alias Generatoren<\/h3>\n<p>Weiterhin bieten wir auch einen Alias Generator f\u00fcr <a href=\"https:\/\/www.boc.de\/watchguard-info-portal\/allgemeines\/microsoft-endpoints\/\" target=\"_blank\" rel=\"noopener noreferrer\">&gt;&gt; Microsoft Endpoints<\/a> an.<\/p>\n<h3>Interaktives Tutorial:<\/h3>\n<p>Sollte das interaktive Tutorial aufgrund von nicht akzeptierten Cookies nicht angezeigt werden, k\u00f6nnen Sie es <a href=\"https:\/\/marvelapp.com\/88d8663\/screen\/67490801\" target=\"_blank\" rel=\"noopener noreferrer\">hier ansehen<\/a>.<\/p>\n<div style=\"overflow: hidden;\">\n<div style=\"width: 100%; margin-left: -2px; margin-top: -2px;\"><iframe loading=\"lazy\" title=\"AuthPoint-Demo PC Login\" src=\"https:\/\/marvelapp.com\/88d8663\/screen\/67490801\" name=\"Microsoft Endpoint Tutorial\" width=\"100%\" height=\"900\" frameborder=\"0\"><br \/>\nIhr Browser kann leider keine eingebetteten Frames anzeigen:<br \/>\nSie k\u00f6nnen die eingebettete Seite \u00fcber den folgenden<br \/>\nVerweis aufrufen: https:\/\/marvelapp.com\/88d8663\/screen\/67490801<br \/>\n<\/iframe><\/div>\n<\/div>\n","protected":false},"excerpt":{"rendered":"<p>Panda und WatchGuard EPDR Endpoints Als Endpoint bezeichnet man eine IP oder Domain bspw. bei Microsoft, die ben\u00f6tigt wird, damit der entsprechende Dienst vern\u00fcnftig l\u00e4uft. In Ihrer WatchGuard sollten Sie nur die Endpoints freigeben, die Sie auch wirklich ben\u00f6tigen. In regelm\u00e4\u00dfigen Abst\u00e4nden empfehlen wir Ihnen die aktuellen Domains\/IPs aus unserem unten stehenden Tool herauszukopieren und entsprechend zu aktualisieren, da diese Daten regelm\u00e4\u00dfig synchronisiert werden. &gt;&gt; &hellip; <a href=\"https:\/\/wordpress.boc.de\/watchguard-info-portal\/allgemeines\/panda-und-watchguard-epdr-endpoints\/\" class=\"more-link\">Weiterlesen <span class=\"screen-reader-text\">Panda und WatchGuard EPDR Endpoints<\/span> <span class=\"meta-nav\">&raquo;<\/span><\/a><\/p>\n","protected":false},"author":7,"featured_media":0,"parent":31,"menu_order":0,"comment_status":"closed","ping_status":"closed","template":"","meta":{"footnotes":""},"class_list":["post-15621","page","type-page","status-publish","hentry"],"_links":{"self":[{"href":"https:\/\/wordpress.boc.de\/watchguard-info-portal\/wp-json\/wp\/v2\/pages\/15621"}],"collection":[{"href":"https:\/\/wordpress.boc.de\/watchguard-info-portal\/wp-json\/wp\/v2\/pages"}],"about":[{"href":"https:\/\/wordpress.boc.de\/watchguard-info-portal\/wp-json\/wp\/v2\/types\/page"}],"author":[{"embeddable":true,"href":"https:\/\/wordpress.boc.de\/watchguard-info-portal\/wp-json\/wp\/v2\/users\/7"}],"replies":[{"embeddable":true,"href":"https:\/\/wordpress.boc.de\/watchguard-info-portal\/wp-json\/wp\/v2\/comments?post=15621"}],"version-history":[{"count":13,"href":"https:\/\/wordpress.boc.de\/watchguard-info-portal\/wp-json\/wp\/v2\/pages\/15621\/revisions"}],"predecessor-version":[{"id":19838,"href":"https:\/\/wordpress.boc.de\/watchguard-info-portal\/wp-json\/wp\/v2\/pages\/15621\/revisions\/19838"}],"up":[{"embeddable":true,"href":"https:\/\/wordpress.boc.de\/watchguard-info-portal\/wp-json\/wp\/v2\/pages\/31"}],"wp:attachment":[{"href":"https:\/\/wordpress.boc.de\/watchguard-info-portal\/wp-json\/wp\/v2\/media?parent=15621"}],"curies":[{"name":"wp","href":"https:\/\/api.w.org\/{rel}","templated":true}]}}