{"id":1444,"date":"2016-07-28T16:47:56","date_gmt":"2016-07-28T14:47:56","guid":{"rendered":"https:\/\/www.boc.de\/watchguard-info-portal\/?page_id=1444"},"modified":"2026-04-17T11:47:56","modified_gmt":"2026-04-17T09:47:56","slug":"anmeldeformular","status":"publish","type":"page","link":"https:\/\/wordpress.boc.de\/watchguard-info-portal\/supportinfos\/watchguard-schulung\/anmeldeformular\/","title":{"rendered":"Anmeldeformular"},"content":{"rendered":"<div id=\"pl-1444\"  class=\"panel-layout\" ><div id=\"pg-1444-0\"  class=\"panel-grid panel-no-style\" ><div id=\"pgc-1444-0-0\"  class=\"panel-grid-cell\" ><div id=\"panel-1444-0-0-0\" class=\"so-panel widget widget_sow-editor panel-first-child panel-last-child\" data-index=\"0\" ><div\n\t\t\t\n\t\t\tclass=\"so-widget-sow-editor so-widget-sow-editor-base\"\n\t\t\t\n\t\t>\n<div class=\"siteorigin-widget-tinymce textwidget\">\n\t<p><img decoding=\"async\" class=\"alignright wp-image-889\" src=\"https:\/\/www.boc.de\/watchguard-info-portal\/wp-content\/uploads\/2016\/04\/watchguard-certified-training-partner.png\" alt=\"WatchGuard Certified Training Partner Logo\" width=\"344\" srcset=\"https:\/\/wordpress.boc.de\/watchguard-info-portal\/wp-content\/uploads\/2016\/04\/watchguard-certified-training-partner.png 441w, https:\/\/wordpress.boc.de\/watchguard-info-portal\/wp-content\/uploads\/2016\/04\/watchguard-certified-training-partner-300x80.png 300w\" sizes=\"(max-width: 441px) 100vw, 441px\" \/><\/p>\n<h2 id=\"onsite\">Anmeldeformular WatchGuard Schulungen<\/h2>\n<p>Alle verf\u00fcgbaren <strong>Network und Endpoint Security Essentials-Schulungen<\/strong> inkl. Termine, Schulungsort und Preise finden Sie unten aufgef\u00fchrt. Die Pr\u00e4senz-Schulung findet in Oberhausen statt. In dem Anmeldeformular k\u00f6nnen Sie unter Termin die entsprechende Schulung ausw\u00e4hlen und sich kostenpflichtig zur Schulung anmelden.<\/p>\n<p><u>Besonderes Highlight:<\/u><br \/>\nAlle Teilnehmer der Network Security Essentials-Schulung haben die einmalige Gelegenheit eine WatchGuard Firebox T145-W mit 3 Jahren Total Security f\u00fcr nur 444 \u20ac zzgl. MwSt. (statt ca. 3600 \u20ac) als Test-Box f\u00fcr ihr Home-Lab zu erwerben. Das Angebot ist auf eine Box pro Teilnehmer begrenzt.<\/p>\n<\/div>\n<\/div><\/div><\/div><\/div><div id=\"pg-1444-1\"  class=\"panel-grid panel-no-style\" ><div id=\"pgc-1444-1-0\"  class=\"panel-grid-cell panel-grid-cell-mobile-last\" ><div id=\"panel-1444-1-0-0\" class=\"so-panel widget widget_sow-contact-form panel-first-child panel-last-child\" data-index=\"1\" ><div\n\t\t\t\n\t\t\tclass=\"so-widget-sow-contact-form so-widget-sow-contact-form-default-5b0d84e5d5b7-1444\"\n\t\t\t\n\t\t>\t<form\n\t\taction=\"\/watchguard-info-portal\/wp-json\/wp\/v2\/pages\/1444\"\n\t\tmethod=\"POST\"\n\t\tclass=\"sow-contact-form\"\n\t\tid=\"contact-form-aa5d\"\n\t>\n\n\t\t\n\t\t\t\t\t<div class=\"sow-form-field sow-form-field-select\">\n\t\t\t\t<label class=\"sow-form-field-label-above\" for=\"sow-contact-form-field-termin-579a1323446ea\">\n\t\t\t\t<strong>\n\t\t\t\t\tTermin\t\t\t\t\t\t\t\t\t<\/strong>\n\t\t\t<\/label>\n\t\t\t\t\t\t\t<span class=\"sow-field-container\">\n\t\t\t\t\t\t\t<select\n\t\t\tname=\"termin-579a1323446ea\"\n\t\t\tid=\"sow-contact-form-field-termin-579a1323446ea\"\n\t\t\t\t\t\t\t\t>\n\t\t\t\t\t\t\t\t<option selected ><\/option>\n\t\t\t\t\t\t\t\t\t\t<option\n\t\t\t\t\t\tvalue=\"Network Security Essentials-Schulung - 09.06.26 - 12.06.26 (Di.-Fr.) f\u00fcr 2.700,00\u20ac (Pr\u00e4senz)\">\n\t\t\t\t\t\tNetwork Security Essentials-Schulung - 09.06.26 - 12.06.26 (Di.-Fr.) f\u00fcr 2.700,00\u20ac (Pr\u00e4senz)\t\t\t\t\t<\/option>\n\t\t\t\t\t\t\t\t\t<option\n\t\t\t\t\t\tvalue=\"Endpoint Security Essentials-Schulung - 25.06.26 (09:00-17:00 Uhr) - f\u00fcr 750,00\u20ac (Online)\">\n\t\t\t\t\t\tEndpoint Security Essentials-Schulung - 25.06.26 (09:00-17:00 Uhr) - f\u00fcr 750,00\u20ac (Online)\t\t\t\t\t<\/option>\n\t\t\t\t\t\t\t\t\t<option\n\t\t\t\t\t\tvalue=\"Network Security Essentials-Schulung - 07.07.26 - 10.07.26 (Di.-Fr.) f\u00fcr 2.300,00\u20ac (Online)\">\n\t\t\t\t\t\tNetwork Security Essentials-Schulung - 07.07.26 - 10.07.26 (Di.-Fr.) f\u00fcr 2.300,00\u20ac (Online)\t\t\t\t\t<\/option>\n\t\t\t\t\t\t<\/select>\n\t\t\t\t\t\t<\/span>\n\t\t\t\t\t                <div class=\"sow-form-field-description\">\n\t\t\t\t\t\tBitte w\u00e4hlen Sie einen Termin aus der Liste\t                <\/div>\n\t\t\t\t\t\t\t\t<\/div>\n\t\t\t\t\t\t<div class=\"sow-form-field sow-form-field-textarea\">\n\t\t\t\t<label class=\"sow-form-field-label-above\" for=\"sow-contact-form-field-firma-organisation-579a1323446ea\">\n\t\t\t\t<strong>\n\t\t\t\t\tFirma \/ Organisation\t\t\t\t\t\t\t\t\t<\/strong>\n\t\t\t<\/label>\n\t\t\t\t\t\t\t<span class=\"sow-field-container\">\n\t\t\t\t\t\t\t<textarea\n\t\t\tname=\"firma-organisation-579a1323446ea\"\n\t\t\tid=\"sow-contact-form-field-firma-organisation-579a1323446ea\"\n\t\t\trows=\"10\"\n\t\t\t\t\t\t\t\t><\/textarea>\n\t\t\t\t\t\t<\/span>\n\t\t\t\t\t                <div class=\"sow-form-field-description\">\n\t\t\t\t\t\tBitte tragen Sie hier Ihre Firma oder Organisation und die Postanschrift ein - so, wie die Angaben auf der Rechnung erscheinen sollen.\t                <\/div>\n\t\t\t\t\t\t\t\t<\/div>\n\t\t\t\t\t\t<div class=\"sow-form-field sow-form-field-name\">\n\t\t\t\t<label class=\"sow-form-field-label-above\" for=\"sow-contact-form-field-ansprechpartner-579a1323446ea\">\n\t\t\t\t<strong>\n\t\t\t\t\tAnsprechpartner\t\t\t\t\t\t\t\t\t<\/strong>\n\t\t\t<\/label>\n\t\t\t\t\t\t\t<span class=\"sow-field-container\">\n\t\t\t\t\t\t\t<input\n\t\t\ttype=\"text\"\n\t\t\tname=\"ansprechpartner-579a1323446ea\"\n\t\t\tid=\"sow-contact-form-field-ansprechpartner-579a1323446ea\"\n\t\t\tvalue=\"\"\n\t\t\tclass=\"sow-text-field\"\n\t\t\t\t\t\/>\n\t\t\t\t\t\t<\/span>\n\t\t\t\t\t\t\t<\/div>\n\t\t\t\t\t\t<div class=\"sow-form-field sow-form-field-email\">\n\t\t\t\t<label class=\"sow-form-field-label-above\" for=\"sow-contact-form-field-e-mail-adresse-579a1323446ea\">\n\t\t\t\t<strong>\n\t\t\t\t\tE-Mail-Adresse\t\t\t\t\t\t\t\t\t<\/strong>\n\t\t\t<\/label>\n\t\t\t\t\t\t\t<span class=\"sow-field-container\">\n\t\t\t\t\t\t\t<input\n\t\t\ttype=\"email\"\n\t\t\tname=\"e-mail-adresse-579a1323446ea\"\n\t\t\tid=\"sow-contact-form-field-e-mail-adresse-579a1323446ea\"\n\t\t\tvalue=\"\"\n\t\t\tclass=\"sow-text-field\"\t\t\t\t\t\t\t\t\/>\n\t\t\t\t\t\t<\/span>\n\t\t\t\t\t\t\t<\/div>\n\t\t\t\t\t\t<div class=\"sow-form-field sow-form-field-text\">\n\t\t\t\t<label class=\"sow-form-field-label-above\" for=\"sow-contact-form-field-telefonnummer-579a1323446ea\">\n\t\t\t\t<strong>\n\t\t\t\t\tTelefonnummer\t\t\t\t\t\t\t\t\t<\/strong>\n\t\t\t<\/label>\n\t\t\t\t\t\t\t<span class=\"sow-field-container\">\n\t\t\t\t\t\t\t<input\n\t\t\ttype=\"text\"\n\t\t\tname=\"telefonnummer-579a1323446ea\"\n\t\t\tid=\"sow-contact-form-field-telefonnummer-579a1323446ea\"\n\t\t\tvalue=\"\"\n\t\t\tclass=\"sow-text-field\"\t\t\t\t\t\t\t\t\/>\n\t\t\t\t\t\t<\/span>\n\t\t\t\t\t                <div class=\"sow-form-field-description\">\n\t\t\t\t\t\tBitte geben Sie eine Telefonnummer f\u00fcr R\u00fcckfragen an.\t                <\/div>\n\t\t\t\t\t\t\t\t<\/div>\n\t\t\t\t\t\t<div class=\"sow-form-field sow-form-field-textarea\">\n\t\t\t\t<label class=\"sow-form-field-label-above\" for=\"sow-contact-form-field-namen-der-teilnehmer-579a1323446ea\">\n\t\t\t\t<strong>\n\t\t\t\t\tName(n) der Teilnehmer\t\t\t\t\t\t\t\t\t<\/strong>\n\t\t\t<\/label>\n\t\t\t\t\t\t\t<span class=\"sow-field-container\">\n\t\t\t\t\t\t\t<textarea\n\t\t\tname=\"namen-der-teilnehmer-579a1323446ea\"\n\t\t\tid=\"sow-contact-form-field-namen-der-teilnehmer-579a1323446ea\"\n\t\t\trows=\"10\"\n\t\t\t\t\t\t\t\t><\/textarea>\n\t\t\t\t\t\t<\/span>\n\t\t\t\t\t\t\t<\/div>\n\t\t\t\t\t\t<div class=\"sow-form-field sow-form-field-textarea\">\n\t\t\t\t<label class=\"sow-form-field-label-above\" for=\"sow-contact-form-field-hier-koennen-sie-uns-noch-etwas-mitteilen-579a1323446ea\">\n\t\t\t\t<strong>\n\t\t\t\t\tHier k\u00f6nnen Sie uns noch etwas mitteilen\t\t\t\t\t\t\t\t\t<\/strong>\n\t\t\t<\/label>\n\t\t\t\t\t\t\t<span class=\"sow-field-container\">\n\t\t\t\t\t\t\t<textarea\n\t\t\tname=\"hier-koennen-sie-uns-noch-etwas-mitteilen-579a1323446ea\"\n\t\t\tid=\"sow-contact-form-field-hier-koennen-sie-uns-noch-etwas-mitteilen-579a1323446ea\"\n\t\t\trows=\"10\"\n\t\t\t\t\t\t\t\t><\/textarea>\n\t\t\t\t\t\t<\/span>\n\t\t\t\t\t\t\t<\/div>\n\t\t\t\t\t\t<div class=\"sow-form-field sow-form-field-checkboxes\">\n\t\t\t\t<label class=\"sow-form-field-label-above\" for=\"sow-contact-form-field-datenschutz-579a1323446ea\">\n\t\t\t\t<strong>\n\t\t\t\t\tDatenschutz\t\t\t\t\t\t\t\t\t<\/strong>\n\t\t\t<\/label>\n\t\t\t\t\t\t\t<span class=\"sow-field-container\">\n\t\t\t\t\t\t\t\t<ul>\n\t\t\t\t\t\t\t\t\t\t\t\t\t\t<li>\n\t\t\t\t\t\t<input\n\t\t\t\t\t\t\ttype=\"checkbox\"\n\t\t\t\t\t\t\tvalue=\"Ich stimme den Datenschutzbedingungen zu.\"\n\t\t\t\t\t\t\tname=\"datenschutz-579a1323446ea[]\"\n\t\t\t\t\t\t\tid=\"sow-contact-form-field-datenschutz-579a1323446ea-0\"\n\t\t\t\t\t\t\t\t\t\t\t\t\t\t\t\t\t\t\t\t\/>\n\t\t\t\t\t\t<label for=\"sow-contact-form-field-datenschutz-579a1323446ea-0\">\n\t\t\t\t\t\t\tIch stimme den Datenschutzbedingungen zu.\t\t\t\t\t\t<\/label>\n\t\t\t\t\t<\/li>\n\t\t\t\t\t\t\t<\/ul>\n\t\t\t\t\t\t<\/span>\n\t\t\t\t\t                <div class=\"sow-form-field-description\">\n\t\t\t\t\t\tHier k\u00f6nnen Sie die <a href=\"\/datenschutz\/\" target=\"_new\">Datenschutzbestimmungen<\/a> einsehen.\t                <\/div>\n\t\t\t\t\t\t\t\t<\/div>\n\t\t\t\n\t\t\t\t\t<div class=\"sow-recaptcha\"\n\t\t\t\t\t\t\t\t\tdata-config=\"{&quot;sitekey&quot;:&quot;6Lc88CITAAAAAKXQ41Otpw0I4CyLOUkDqUvSJ2rh&quot;,&quot;theme&quot;:&quot;light&quot;,&quot;type&quot;:&quot;image&quot;,&quot;size&quot;:&quot;normal&quot;}\"\n\t\t\t\t\t\t\t><\/div>\n\t\t\t\n\t\t<div class=\"sow-submit-wrapper sow-submit-styled\">\n\n\t\t\t<button\n\t\t\t\ttype=\"submit\"\n\t\t\t\tclass=\"sow-submit\"\n\t\t\t\t\t\t\t>\n\t\t\t\tKostenpflichtig zur Schulung anmelden\t\t\t<\/button>\n\t\t<\/div>\n\t\t\t\t<input type=\"hidden\" name=\"instance_hash\" value=\"aa5db315b9eb252bfcf5965a61fbf2b9\" \/>\n\t\t<input type=\"hidden\" id=\"_wpnonce\" name=\"_wpnonce\" value=\"19d13396eb\" \/><input type=\"hidden\" name=\"_wp_http_referer\" value=\"\/watchguard-info-portal\/wp-json\/wp\/v2\/pages\/1444\" \/>\t<\/form>\n\t<\/div><\/div><\/div><div id=\"pgc-1444-1-1\"  class=\"panel-grid-cell panel-grid-cell-empty\" ><\/div><\/div><div id=\"pg-1444-2\"  class=\"panel-grid panel-no-style\" ><div id=\"pgc-1444-2-0\"  class=\"panel-grid-cell\" ><div id=\"panel-1444-2-0-0\" class=\"so-panel widget widget_sow-editor panel-first-child panel-last-child\" data-index=\"2\" ><div\n\t\t\t\n\t\t\tclass=\"so-widget-sow-editor so-widget-sow-editor-base\"\n\t\t\t\n\t\t>\n<div class=\"siteorigin-widget-tinymce textwidget\">\n\t\n\n<div class=\"su-posts su-posts-single-post \">\n\n\t\t\t\t\t\t\n\t\t\t\n\t\t\t<div id=\"su-post-3220\" class=\"su-post \">\n\t\t\t\t\n\t\t\t\t<div class=\"su-post-content\">\n\t\t\t\t\t<h3>Verf\u00fcgbare Termine 2026:<\/h3>\n<h4>Network Security Essentials-Schulungen<\/h4>\n<p>Derzeit bieten wir unsere Network-Schulungen als Pr\u00e4senz- oder Online-Schulung an. Die Pr\u00e4senz-Schulung findet in Oberhausen statt.<\/p>\n<table>\n<tbody>\n<tr>\n<td colspan=\"4\"><strong>2026<\/strong><\/td>\n<\/tr>\n<tr style=\"text-decoration: line-through;\">\n<td id=\"prodinfo\" width=\"35%\"><a href=\"\/watchguard-info-portal\/supportinfos\/watchguard-schulung\/administrator-schulung\/\">Network Security Essentials-Schulung<\/a><\/td>\n<td id=\"prodinfo\" width=\"15%\">ausgebucht<\/td>\n<td id=\"prodinfo\" width=\"30%\">19.05.2026 &#8211; 22.05.2026 (4 Tage, Di.-Fr.)<\/td>\n<td id=\"prodinfo\" align=\"right\" width=\"20%\">2.300,00 \u20ac<\/td>\n<\/tr>\n<tr>\n<td id=\"prodinfo\" width=\"35%\"><a href=\"\/watchguard-info-portal\/supportinfos\/watchguard-schulung\/administrator-schulung\/\">Network Security Essentials-Schulung<\/a><\/td>\n<td id=\"prodinfo\" width=\"15%\">Pr\u00e4senz<\/td>\n<td id=\"prodinfo\" width=\"30%\">09.06.2026 &#8211; 12.06.2026 (4 Tage, Di.-Fr.)<\/td>\n<td id=\"prodinfo\" align=\"right\" width=\"20%\">2.700,00 \u20ac<\/td>\n<\/tr>\n<tr>\n<td id=\"prodinfo\" width=\"35%\"><a href=\"\/watchguard-info-portal\/supportinfos\/watchguard-schulung\/administrator-schulung\/\">Network Security Essentials-Schulung<\/a><\/td>\n<td id=\"prodinfo\" width=\"15%\">Online<\/td>\n<td id=\"prodinfo\" width=\"30%\">07.07.2026 &#8211; 10.07.2026 (4 Tage, Di.-Fr.)<\/td>\n<td id=\"prodinfo\" align=\"right\" width=\"20%\">2.300,00 \u20ac<\/td>\n<\/tr>\n<\/tbody>\n<\/table>\n<h4>Endpoint Security Essentials-Schulungen<\/h4>\n<p>Derzeit bieten wir unsere Endpoint-Schulungen ausschlie\u00dflich als Online-Schulung an.<\/p>\n<table>\n<tbody>\n<tr>\n<td colspan=\"4\"><strong>2026<\/strong><\/td>\n<\/tr>\n<tr>\n<td id=\"prodinfo\" width=\"40%\"><a href=\"https:\/\/www.boc.de\/watchguard-info-portal\/supportinfos\/watchguard-schulung\/endpoint-security-essentials-schulung\/\" rel=\"noopener\">Endpoint Security Essentials-Schulung<\/a><\/td>\n<td id=\"prodinfo\" width=\"15%\">Online<\/td>\n<td id=\"prodinfo\" width=\"30%\">25.06.2026 (1 Tag, 09:00-17:00 Uhr)<\/td>\n<td id=\"prodinfo\" align=\"right\" width=\"15%\">750,00 \u20ac<\/td>\n<\/tr>\n<\/tbody>\n<\/table>\n\t\t\t\t<\/div>\n\t\t\t<\/div>\n\n\t\t\t\t\n<\/div>\n\n<\/div>\n<\/div><\/div><\/div><\/div><\/div>","protected":false},"excerpt":{"rendered":"<p>Anmeldeformular WatchGuard Schulungen Alle verf\u00fcgbaren Network und Endpoint Security Essentials-Schulungen inkl. Termine, Schulungsort und Preise finden Sie unten aufgef\u00fchrt. Die Pr\u00e4senz-Schulung findet in Oberhausen statt. In dem Anmeldeformular k\u00f6nnen Sie unter Termin die entsprechende Schulung ausw\u00e4hlen und sich kostenpflichtig zur Schulung anmelden. Besonderes Highlight: Alle Teilnehmer der Network Security Essentials-Schulung haben die einmalige Gelegenheit eine WatchGuard Firebox T145-W mit 3 Jahren Total Security f\u00fcr nur &hellip; <a href=\"https:\/\/wordpress.boc.de\/watchguard-info-portal\/supportinfos\/watchguard-schulung-tpl-termine-administrator-schulung\/\" class=\"more-link\">Weiterlesen <span class=\"screen-reader-text\">WatchGuard Schulung &#8211; Textblock Schulungs-Termine &#8211; 3220<\/span> <span class=\"meta-nav\">&raquo;<\/span><\/a><\/p>\n","protected":false},"author":3,"featured_media":0,"parent":2,"menu_order":0,"comment_status":"closed","ping_status":"closed","template":"","meta":{"footnotes":""},"class_list":["post-1444","page","type-page","status-publish","hentry"],"_links":{"self":[{"href":"https:\/\/wordpress.boc.de\/watchguard-info-portal\/wp-json\/wp\/v2\/pages\/1444"}],"collection":[{"href":"https:\/\/wordpress.boc.de\/watchguard-info-portal\/wp-json\/wp\/v2\/pages"}],"about":[{"href":"https:\/\/wordpress.boc.de\/watchguard-info-portal\/wp-json\/wp\/v2\/types\/page"}],"author":[{"embeddable":true,"href":"https:\/\/wordpress.boc.de\/watchguard-info-portal\/wp-json\/wp\/v2\/users\/3"}],"replies":[{"embeddable":true,"href":"https:\/\/wordpress.boc.de\/watchguard-info-portal\/wp-json\/wp\/v2\/comments?post=1444"}],"version-history":[{"count":183,"href":"https:\/\/wordpress.boc.de\/watchguard-info-portal\/wp-json\/wp\/v2\/pages\/1444\/revisions"}],"predecessor-version":[{"id":30806,"href":"https:\/\/wordpress.boc.de\/watchguard-info-portal\/wp-json\/wp\/v2\/pages\/1444\/revisions\/30806"}],"up":[{"embeddable":true,"href":"https:\/\/wordpress.boc.de\/watchguard-info-portal\/wp-json\/wp\/v2\/pages\/2"}],"wp:attachment":[{"href":"https:\/\/wordpress.boc.de\/watchguard-info-portal\/wp-json\/wp\/v2\/media?parent=1444"}],"curies":[{"name":"wp","href":"https:\/\/api.w.org\/{rel}","templated":true}]}}