{"id":1344,"date":"2016-07-27T17:29:01","date_gmt":"2016-07-27T15:29:01","guid":{"rendered":"https:\/\/www.boc.de\/watchguard-info-portal\/?page_id=1344"},"modified":"2024-10-17T11:48:44","modified_gmt":"2024-10-17T09:48:44","slug":"autodoc-software-fuer-firewall-dokumentation","status":"publish","type":"page","link":"https:\/\/wordpress.boc.de\/watchguard-info-portal\/produktinfos\/autodoc-software-fuer-firewall-dokumentation\/","title":{"rendered":"Autodoc Software f\u00fcr Firewall Dokumentation"},"content":{"rendered":"<div id=\"pl-1344\"  class=\"panel-layout\" ><div id=\"pg-1344-0\"  class=\"panel-grid panel-no-style\" ><div id=\"pgc-1344-0-0\"  class=\"panel-grid-cell\" ><div id=\"panel-1344-0-0-0\" class=\"so-panel widget widget_sow-editor panel-first-child panel-last-child\" data-index=\"0\" ><div\n\t\t\t\n\t\t\tclass=\"so-widget-sow-editor so-widget-sow-editor-base\"\n\t\t\t\n\t\t>\n<div class=\"siteorigin-widget-tinymce textwidget\">\n\t<h2><strong>Autodoc Software f\u00fcr Firewall Dokumentation<\/strong><\/h2>\n<div style=\"border: 3px solid red; padding: 20px 20px 0px 20px; margin-bottom: 25px;\">\n<h2 style=\"margin-top: 0px;\"><i class=\"fa fa-exclamation-triangle\" style=\"color: #b32317;\" aria-hidden=\"true\">\u00a0<\/i>End-of-Sale\u00a0<i class=\"fa fa-exclamation-triangle\" style=\"color: #b32317;\" aria-hidden=\"true\"><\/i><\/h2>\n<p>End-of-Sale-Datum:\u00a0<b>30.09.2024<\/b>\u00a0End-of-Support-Datum:\u00a0<b>30.09.2025<\/b>.<br \/>\nSeit dem 1. Oktober 2024 k\u00f6nnen keine Lizenzen mehr erworben werden. Da eine Autodoc-Lizenz Updates f\u00fcr ein Jahr enth\u00e4lt, werden neue Firewall-Firmware-Versionen bis zum 30. September 2025 unterst\u00fctzt. Auch der Support wird ab dem 1. Oktober 2025 eingestellt. Gekaufte Lizenzen k\u00f6nnen auch \u00fcber das Support-Ende hinaus genutzt werden. Allerdings wird es dann keine neuen Versionen mehr geben.<\/p>\n<\/div>\n<p><strong>Autodoc<\/strong> ist die weltweit f\u00fchrende Software, mit der automatisch ausf\u00fchrliche Reports aus Firewall-Konfigurationsdateien erstellt werden k\u00f6nnen. Die Reports werden am Bildschirm \u00fcbersichtlich dargestellt und k\u00f6nnen als detaillierte Dokumentation ausgedruckt oder im HTML-Format oder in eine PDF exportiert werden. Um eine WatchGuard Firewall-Dokumentation zu erstellen, wird die XML-Konfigurationsdatei ben\u00f6tigt. Wenn Sie mit dem Windows-basierten \"WatchGuard System Manager\" arbeiten, finden Sie die XML-Konfigurationsdateien standardm\u00e4\u00dfig im Unterverzeichnis \"Eigene Dateien &gt; My WatchGuard &gt; configs\".<\/p>\n<h3>Sie sollten unbedingt den Kauf von Autodoc in Betracht ziehen, wenn Sie...<\/h3>\n<ul>\n<li>eine ausf\u00fchrliche Dokumentation ihrer Firewall-Konfiguration ben\u00f6tigen<\/li>\n<li>ein Audit ihrer Firewall durchf\u00fchren lassen m\u00f6chten\/m\u00fcssen<\/li>\n<li>zwei oder mehr Konfigurationen miteinander vergleichen m\u00f6chten<\/li>\n<li>noch 150 Euro in der \"Kriegskasse\" haben... \ud83d\ude42<\/li>\n<\/ul>\n<\/div>\n<\/div><\/div><\/div><\/div><div id=\"pg-1344-1\"  class=\"panel-grid panel-no-style\" ><div id=\"pgc-1344-1-0\"  class=\"panel-grid-cell\" ><div id=\"panel-1344-1-0-0\" class=\"so-panel widget widget_sow-editor panel-first-child panel-last-child\" data-index=\"1\" ><div\n\t\t\t\n\t\t\tclass=\"so-widget-sow-editor so-widget-sow-editor-base\"\n\t\t\t\n\t\t>\n<div class=\"siteorigin-widget-tinymce textwidget\">\n\t<a href=\"https:\/\/www.boc.de\/watchguard-info-portal\/wp-content\/uploads\/2016\/07\/AutodocFirewareReport.pdf\" class=\"pdfemb-viewer\" style=\"\" data-width=\"max\" data-height=\"max\" data-toolbar=\"bottom\" data-toolbar-fixed=\"off\">AutodocFirewareReport<\/a>\n<\/div>\n<\/div><\/div><\/div><div id=\"pgc-1344-1-1\"  class=\"panel-grid-cell\" ><div id=\"panel-1344-1-1-0\" class=\"so-panel widget widget_sow-editor panel-first-child panel-last-child\" data-index=\"2\" ><div\n\t\t\t\n\t\t\tclass=\"so-widget-sow-editor so-widget-sow-editor-base\"\n\t\t\t\n\t\t>\n<div class=\"siteorigin-widget-tinymce textwidget\">\n\t<p>Solche Aufgaben sind normalerweise mit sehr viel Arbeit verbunden. F\u00fcr einen Firewall-Administrator ist es oft sehr schwer, eine genaue und pr\u00fcfungsf\u00e4hige Dokumentation zu erstellen. Selbst wenn er die notwendigen Detailkenntnisse des Systems hat, muss eine von Hand erstellte Dokumentation immer wieder m\u00fchsam angepasst werden, wenn sich die Konfiguration \u00e4ndert. Autodoc unterst\u00fctzt Sie bei solchen Aufgaben, indem die Software praktisch auf Knopfdruck aus der aktuellen Konfigurationsdatei einen aktuellen und ausf\u00fchrlichen Report generiert.<\/p>\n<p>Autodoc selbst kann keine PDF-Dokumente erstellen, es zeigt den Report am Bildschirm an und kann ihn ausdrucken. Um eine PDF-Datei zu erstellen, ben\u00f6tigen Sie eine PDF-Writer-Software oder die in Windows integrierte Funktion \"Microsoft Print to PDF\" bzw. \"Als PDF speichern\".<\/p>\n<p>\u00dcbersicht der Autodoc Software Features :<\/p>\n<ul>\n<li>Automatische WatchGuard Konfigurations-Dokumentation<\/li>\n<li>Detaillierte Konfigurations-Reports<\/li>\n<li>Geeignet als Online-Viewer f\u00fcr Ihre Firewall Konfigurationsdateien<\/li>\n<li>Inhaltsverzeichnis mit direkten Links zu den entsprechenden Abschnitten<\/li>\n<li>Verwaltung mehrerer Boxen \u00fcber Autodoc Metafiles.<\/li>\n<li>HTML Export<\/li>\n<li>Command Line Interface f\u00fcr Batch HTML Export<\/li>\n<\/ul>\n<p><a href=\"https:\/\/www.boc.de\/watchguard-info-portal\/wp-content\/uploads\/2016\/07\/AutodocFirewareReport.pdf\">Autodoc Beispiel Report als PDF herunterladen<\/a><\/p>\n<\/div>\n<\/div><\/div><\/div><\/div><div id=\"pg-1344-2\"  class=\"panel-grid panel-no-style\" ><div id=\"pgc-1344-2-0\"  class=\"panel-grid-cell\" ><div id=\"panel-1344-2-0-0\" class=\"so-panel widget widget_sow-editor panel-first-child panel-last-child\" data-index=\"3\" ><div\n\t\t\t\n\t\t\tclass=\"so-widget-sow-editor so-widget-sow-editor-base\"\n\t\t\t\n\t\t>\n<div class=\"siteorigin-widget-tinymce textwidget\">\n\t<h3>Lizenzen<\/h3>\n<p>Die Lizensierung erfolgt jeweils f\u00fcr 12 Monate. Wenn in diesem Zeitraum von Autodoc neue Versionen herausgegeben werden, k\u00f6nnen diese kostenfrei heruntergeladen werden. Nach 12 Monaten verf\u00e4llt die Lizenz und Autodoc muss neu bestellt werden.<\/p>\n<table>\n<tbody>\n<tr>\n<th>Bestellnummer<\/th>\n<th>Anzahl der Firewalls<\/th>\n<\/tr>\n<tr>\n<td>ADF4001<\/td>\n<td>1 Firewall<\/td>\n<\/tr>\n<tr>\n<td>ADF4010<\/td>\n<td>10 Firewalls<\/td>\n<\/tr>\n<tr>\n<td>ADF4020<\/td>\n<td>20 Firewalls<\/td>\n<\/tr>\n<tr>\n<td>ADF4050<\/td>\n<td>50 Firewalls<\/td>\n<\/tr>\n<tr>\n<td>ADF4999<\/td>\n<td>unlimited Firewalls<\/td>\n<\/tr>\n<\/tbody>\n<\/table>\n<p>Im Shop finden Sie die Lizenzen bei jedem WatchGuard Modell oder direkt auf der Produktseite\u00a0<a href=\"https:\/\/www.boc.de\/autodoc-software.html\" target=\"_blank\" rel=\"noopener\"><strong>Autodoc Software <\/strong><\/a>unter <a href=\"https:\/\/www.boc.de\/zubehor-und-weitere-services.html\" target=\"_blank\" rel=\"noopener\">Zubeh\u00f6r und weitere Services<\/a>.<\/p>\n<\/div>\n<\/div><\/div><\/div><\/div><\/div>","protected":false},"excerpt":{"rendered":"<p>Autodoc Software f\u00fcr Firewall Dokumentation \u00a0End-of-Sale\u00a0 End-of-Sale-Datum:\u00a030.09.2024\u00a0End-of-Support-Datum:\u00a030.09.2025. Seit dem 1. Oktober 2024 k\u00f6nnen keine Lizenzen mehr erworben werden. Da eine Autodoc-Lizenz Updates f\u00fcr ein Jahr enth\u00e4lt, werden neue Firewall-Firmware-Versionen bis zum 30. September 2025 unterst\u00fctzt. Auch der Support wird ab dem 1. Oktober 2025 eingestellt. Gekaufte Lizenzen k\u00f6nnen auch \u00fcber das Support-Ende hinaus genutzt werden. Allerdings wird es dann keine neuen Versionen mehr geben. Autodoc &hellip; <a href=\"https:\/\/wordpress.boc.de\/watchguard-info-portal\/produktinfos\/autodoc-software-fuer-firewall-dokumentation\/\" class=\"more-link\">Weiterlesen <span class=\"screen-reader-text\">Autodoc Software f\u00fcr Firewall Dokumentation<\/span> <span class=\"meta-nav\">&raquo;<\/span><\/a><\/p>\n","protected":false},"author":3,"featured_media":0,"parent":24,"menu_order":0,"comment_status":"closed","ping_status":"closed","template":"","meta":{"footnotes":""},"class_list":["post-1344","page","type-page","status-publish","hentry"],"_links":{"self":[{"href":"https:\/\/wordpress.boc.de\/watchguard-info-portal\/wp-json\/wp\/v2\/pages\/1344"}],"collection":[{"href":"https:\/\/wordpress.boc.de\/watchguard-info-portal\/wp-json\/wp\/v2\/pages"}],"about":[{"href":"https:\/\/wordpress.boc.de\/watchguard-info-portal\/wp-json\/wp\/v2\/types\/page"}],"author":[{"embeddable":true,"href":"https:\/\/wordpress.boc.de\/watchguard-info-portal\/wp-json\/wp\/v2\/users\/3"}],"replies":[{"embeddable":true,"href":"https:\/\/wordpress.boc.de\/watchguard-info-portal\/wp-json\/wp\/v2\/comments?post=1344"}],"version-history":[{"count":25,"href":"https:\/\/wordpress.boc.de\/watchguard-info-portal\/wp-json\/wp\/v2\/pages\/1344\/revisions"}],"predecessor-version":[{"id":25474,"href":"https:\/\/wordpress.boc.de\/watchguard-info-portal\/wp-json\/wp\/v2\/pages\/1344\/revisions\/25474"}],"up":[{"embeddable":true,"href":"https:\/\/wordpress.boc.de\/watchguard-info-portal\/wp-json\/wp\/v2\/pages\/24"}],"wp:attachment":[{"href":"https:\/\/wordpress.boc.de\/watchguard-info-portal\/wp-json\/wp\/v2\/media?parent=1344"}],"curies":[{"name":"wp","href":"https:\/\/api.w.org\/{rel}","templated":true}]}}