{"id":12790,"date":"2021-05-06T16:29:38","date_gmt":"2021-05-06T14:29:38","guid":{"rendered":"https:\/\/www.boc.de\/watchguard-info-portal\/?page_id=12790"},"modified":"2021-05-06T16:42:23","modified_gmt":"2021-05-06T14:42:23","slug":"erste-schritte-der-firebox-konfiguration-in-der-watchguard-cloud","status":"publish","type":"page","link":"https:\/\/wordpress.boc.de\/watchguard-info-portal\/supportinfos\/erste-schritte-der-firebox-konfiguration-in-der-watchguard-cloud\/","title":{"rendered":"Erste Schritte der Firebox Konfiguration in der WatchGuard Cloud"},"content":{"rendered":"<h4><strong class=\"breadcrumb_last\" aria-current=\"page\">Erste Schritte der Firebox Konfiguration in der WatchGuard Cloud<\/strong><\/h4>\n<p>Die WatchGuard Cloud legt die Verwaltung von Netzwerksicherheit, Multifaktor-Authentifizierung und Threat Intelligence auf einer einfach zu erlernenden Cloud-Plattform zusammen. In diesem Video stellen Ihnen WatchGuard-Experten die ersten Schritte der Konfiguration von Firebox Appliances \u00fcber die WatchGuard Cloud vor. Von der Aktivierung \u00fcber die Netzwerkkonfiguration bis zur Anpassung der umf\u00e4nglichen Schutzfunktionen erhalten Sie hier einen \u00dcberblick der M\u00f6glichkeiten.<\/p>\n<div style=\"width: 600px;\" class=\"wp-video\"><!--[if lt IE 9]><script>document.createElement('video');<\/script><![endif]-->\n<video class=\"wp-video-shortcode\" id=\"video-12790-1\" width=\"600\" height=\"338\" poster=\"https:\/\/www.boc.de\/watchguard-info-portal\/wp-content\/uploads\/2021\/05\/watchguard-video-banner.jpg\" preload=\"metadata\" controls=\"controls\"><source type=\"video\/mp4\" src=\"https:\/\/www.boc.de\/watchguard-info-portal\/wp-content\/uploads\/video\/Erste-Schritte-mit-dem-Firebox-Management.mp4?_=1\" \/><a href=\"https:\/\/www.boc.de\/watchguard-info-portal\/wp-content\/uploads\/video\/Erste-Schritte-mit-dem-Firebox-Management.mp4\">https:\/\/www.boc.de\/watchguard-info-portal\/wp-content\/uploads\/video\/Erste-Schritte-mit-dem-Firebox-Management.mp4<\/a><\/video><\/div>\n<p><em>Das Video wird mit freundlicher Unterst\u00fctzung von Herrn Spieckermann (Manager Sales Engineering, WatchGuard)\u00a0 bereitgestellt.<\/em><\/p>\n","protected":false},"excerpt":{"rendered":"<p>Erste Schritte der Firebox Konfiguration in der WatchGuard Cloud Die WatchGuard Cloud legt die Verwaltung von Netzwerksicherheit, Multifaktor-Authentifizierung und Threat Intelligence auf einer einfach zu erlernenden Cloud-Plattform zusammen. In diesem Video stellen Ihnen WatchGuard-Experten die ersten Schritte der Konfiguration von Firebox Appliances \u00fcber die WatchGuard Cloud vor. Von der Aktivierung \u00fcber die Netzwerkkonfiguration bis zur Anpassung der umf\u00e4nglichen Schutzfunktionen erhalten Sie hier einen \u00dcberblick der &hellip; <a href=\"https:\/\/wordpress.boc.de\/watchguard-info-portal\/supportinfos\/erste-schritte-der-firebox-konfiguration-in-der-watchguard-cloud\/\" class=\"more-link\">Weiterlesen <span class=\"screen-reader-text\">Erste Schritte der Firebox Konfiguration in der WatchGuard Cloud<\/span> <span class=\"meta-nav\">&raquo;<\/span><\/a><\/p>\n","protected":false},"author":4,"featured_media":0,"parent":28,"menu_order":0,"comment_status":"closed","ping_status":"closed","template":"","meta":{"footnotes":""},"class_list":["post-12790","page","type-page","status-publish","hentry"],"_links":{"self":[{"href":"https:\/\/wordpress.boc.de\/watchguard-info-portal\/wp-json\/wp\/v2\/pages\/12790"}],"collection":[{"href":"https:\/\/wordpress.boc.de\/watchguard-info-portal\/wp-json\/wp\/v2\/pages"}],"about":[{"href":"https:\/\/wordpress.boc.de\/watchguard-info-portal\/wp-json\/wp\/v2\/types\/page"}],"author":[{"embeddable":true,"href":"https:\/\/wordpress.boc.de\/watchguard-info-portal\/wp-json\/wp\/v2\/users\/4"}],"replies":[{"embeddable":true,"href":"https:\/\/wordpress.boc.de\/watchguard-info-portal\/wp-json\/wp\/v2\/comments?post=12790"}],"version-history":[{"count":8,"href":"https:\/\/wordpress.boc.de\/watchguard-info-portal\/wp-json\/wp\/v2\/pages\/12790\/revisions"}],"predecessor-version":[{"id":12805,"href":"https:\/\/wordpress.boc.de\/watchguard-info-portal\/wp-json\/wp\/v2\/pages\/12790\/revisions\/12805"}],"up":[{"embeddable":true,"href":"https:\/\/wordpress.boc.de\/watchguard-info-portal\/wp-json\/wp\/v2\/pages\/28"}],"wp:attachment":[{"href":"https:\/\/wordpress.boc.de\/watchguard-info-portal\/wp-json\/wp\/v2\/media?parent=12790"}],"curies":[{"name":"wp","href":"https:\/\/api.w.org\/{rel}","templated":true}]}}