{"id":1211,"date":"2016-07-05T19:26:27","date_gmt":"2016-07-05T17:26:27","guid":{"rendered":"https:\/\/www.boc.de\/watchguard-info-portal\/?page_id=1211"},"modified":"2024-05-15T13:52:25","modified_gmt":"2024-05-15T11:52:25","slug":"watchguard-dimension-command","status":"publish","type":"page","link":"https:\/\/wordpress.boc.de\/watchguard-info-portal\/produktinfos\/watchguard-security-services-und-suites\/watchguard-dimension-command\/","title":{"rendered":"WatchGuard Dimension Command"},"content":{"rendered":"<p><img loading=\"lazy\" decoding=\"async\" class=\"size-full wp-image-299 alignleft\" src=\"https:\/\/www.boc.de\/watchguard-info-portal\/wp-content\/uploads\/2016\/06\/lss-gold.png\" alt=\"WatchGuard Dimension Command\" width=\"250\" height=\"200\" \/><\/p>\n<h3><strong>WatchGuard Dimension Command<\/strong><\/h3>\n<pre><img loading=\"lazy\" decoding=\"async\" class=\"size-full wp-image-1468 alignleft\" src=\"https:\/\/www.boc.de\/watchguard-info-portal\/wp-content\/uploads\/2016\/06\/emblem-imp.gif\" alt=\"emblem-imp\" width=\"48\" height=\"48\" \/><strong>Begriffserkl\u00e4rung:<\/strong> Der Begriff <strong>WatchGuard Dimension Server<\/strong> bezeichnet eine kostenfrei bereitgestellte, virtuelle Appliance zum Betrieb auf einer VMware oder Hyper-V Plattform.\r\nWird dieser Server nur f\u00fcr Logging- und Reporting-Zwecke verwendet, ist die Nutzung f\u00fcr beliebig viele WatchGuard Appliances KOSTENFREI.\r\nDie optionale Lizenz <a href=\"https:\/\/www.boc.de\/zentralisiertes-management.html\" target=\"_blank\" rel=\"noopener noreferrer\"><strong>WatchGuard Dimension Command<\/strong><\/a> ist kostenpflichtig. Dimension Command Lizenzen werden ben\u00f6tigt, wenn WatchGuard Appliances \u00fcber den Dimension Server <strong>zentral verwaltet<\/strong> werden sollen.<\/pre>\n<p><strong>WatchGuard Dimension Command<\/strong> ist eine zentralisierte, browser-basierte Administrationsl\u00f6sung f\u00fcr beliebig viele WatchGuard Firebox Hardware Firewall \/ VPN Appliances. Nach der Anmeldung an der Web-Administrations-Oberfl\u00e4che des <a href=\"https:\/\/www.boc.de\/watchguard-info-portal\/produktinfos\/watchguard-dimension\/\">WatchGuard Dimension Servers<\/a> kann von dort aus direkt auf die Web-Administrations-Oberfl\u00e4chen der angeschlossenen WatchGuard Fireboxen zugegriffen werden, ohne dass erneut Kennw\u00f6rter abgefragt werden. So k\u00f6nnen aus einer gemeinsamen Umgebung heraus die Logs der WatchGuard Firewalls ausgewertet werden und die Ger\u00e4te auch konfiguriert werden.<\/p>\n<pre><img loading=\"lazy\" decoding=\"async\" class=\"size-full wp-image-1468 alignleft\" src=\"https:\/\/www.boc.de\/watchguard-info-portal\/wp-content\/uploads\/2016\/06\/emblem-imp.gif\" alt=\"emblem-imp\" width=\"48\" height=\"48\" \/><strong><a href=\"https:\/\/www.boc.de\/zentralisiertes-management.html\" target=\"_blank\" rel=\"noopener noreferrer\">Zentralisiertes Management<\/a>:<\/strong> Eine WatchGuard Firebox kann nur <strong>ENTWEDER<\/strong> \u00fcber einen <a href=\"https:\/\/www.boc.de\/watchguard-info-portal\/produktinfos\/watchguard-management-server\/\">Watchguard Management Server<\/a> <strong>ODER<\/strong> \u00fcber WatchGuard Dimension Command zentralisiert verwaltet werden! Es ist aber m\u00f6glich, Fireboxen \u00fcber den Watchguard Management Server zu verwalten - und WatchGuard Dimension als Logging und Reporting Server zu nutzen!<\/pre>\n<h3>WatchGuard Dimension Command &#8211; Voraussetzungen<\/h3>\n<ul>\n<li>aktueller Feature Key mit Dimension Command Lizenz<\/li>\n<li>der Dimension Server als Logserver muss bereits aktiv sein<\/li>\n<li>die WatchGuard spricht mit dem Dimension Command Server auf Port 443<\/li>\n<li>es muss eine .wgd Datei (erh\u00e4ltlich vom Dimension Command Server) mit IP-Infos und Zertifikaten etc. auf der Firebox mithilfe der Web-UI importiert sein<\/li>\n<\/ul>\n<h3>Installation<\/h3>\n<p>Die Installation des WatchGuard Dimension Log+Command Servers ist denkbar einfach: Hierzu wird das entsprechende <a href=\"https:\/\/watchguardsupport.secure.force.com\/software\/SoftwareDownloads?current=true&amp;familyId=a2RF00000009On4MAE\">OVF- bzw. VHD-Template f\u00fcr VMware oder Hyper-V<\/a> installiert. Nach dem Vergeben der IP-Adresse (nach Anleitung im Installations-PDF) wird ein Quick-Setup-Wizard im Browser durchlaufen und schon kann man beginnen, den Dimension Server als Logserver in den Fireboxen zu hinterlegen.<\/p>\n<p>In unserem Blog finden Sie einen Artikel zum Thema <a href=\"https:\/\/www.boc.de\/watchguard-info-portal\/installation-dimension-auf-intel-nuc-mit-vmware-esxi\/\">&gt;&gt; Installation eines Dimension Servers unter VMware ESXi auf einem Intel NUC<\/a>.<\/p>\n<h3>Lizensierung<\/h3>\n<p>WatchGuard Dimension Command ist ein optionaler Security Service. Er ist Bestandteil der <strong>WatchGuard Total Security Suite<\/strong>. Er ist standardm\u00e4\u00dfig beim Kauf eines <strong>Total Security Software Bundles<\/strong> enthalten, kann aber auch einzeln je Box lizensiert werden.<\/p>\n<p><span style=\"color: red;\">WatchGuard Dimension Command:\u00a0\u00a0[Bestandteil der Total Security Suite]\u00a0\u00a0[einzeln lizensierbar]<\/span><\/p>\n<h3>Weitere Informationen:<\/h3>\n<ul>\n<li>WatchGuard Dimension ist kostenfrei verf\u00fcgbar<\/li>\n<li>Voraussetzung ist eine vorhandene Hyper-V oder VMWare Umgebung<\/li>\n<li>WatchGuard Dimension Command ist eine lizenzierungspflichtige Zusatzoption<\/li>\n<li>Hier finden Sie <a href=\"https:\/\/www.boc.de\/pub\/media\/documents\/general\/60_Datenblatt-WatchGuard-Dimension.pdf\" target=\"_blank\" rel=\"noopener noreferrer\">das offizielle Datenblatt<\/a> zur WatchGuard Dimension<\/li>\n<\/ul>\n<p><img loading=\"lazy\" decoding=\"async\" class=\"alignnone size-full wp-image-1473\" src=\"https:\/\/www.boc.de\/watchguard-info-portal\/wp-content\/uploads\/2016\/06\/emblem-rechts.gif\" alt=\"emblem-rechts\" width=\"48\" height=\"48\" \/>Zur \u00dcbersicht <a href=\"https:\/\/www.boc.de\/watchguard-info-portal\/produktinfos\/watchguard-security-services-und-suites\/\">WatchGuard Security Services und Suites<\/a><\/p>\n","protected":false},"excerpt":{"rendered":"<p>WatchGuard Dimension Command Begriffserkl\u00e4rung: Der Begriff WatchGuard Dimension Server bezeichnet eine kostenfrei bereitgestellte, virtuelle Appliance zum Betrieb auf einer VMware oder Hyper-V Plattform. Wird dieser Server nur f\u00fcr Logging- und Reporting-Zwecke verwendet, ist die Nutzung f\u00fcr beliebig viele WatchGuard Appliances KOSTENFREI. Die optionale Lizenz WatchGuard Dimension Command ist kostenpflichtig. Dimension Command Lizenzen werden ben\u00f6tigt, wenn WatchGuard Appliances \u00fcber den Dimension Server zentral verwaltet werden sollen. &hellip; <a href=\"https:\/\/wordpress.boc.de\/watchguard-info-portal\/produktinfos\/watchguard-security-services-und-suites\/watchguard-dimension-command\/\" class=\"more-link\">Weiterlesen <span class=\"screen-reader-text\">WatchGuard Dimension Command<\/span> <span class=\"meta-nav\">&raquo;<\/span><\/a><\/p>\n","protected":false},"author":2,"featured_media":0,"parent":73,"menu_order":0,"comment_status":"closed","ping_status":"closed","template":"","meta":{"footnotes":""},"class_list":["post-1211","page","type-page","status-publish","hentry"],"_links":{"self":[{"href":"https:\/\/wordpress.boc.de\/watchguard-info-portal\/wp-json\/wp\/v2\/pages\/1211"}],"collection":[{"href":"https:\/\/wordpress.boc.de\/watchguard-info-portal\/wp-json\/wp\/v2\/pages"}],"about":[{"href":"https:\/\/wordpress.boc.de\/watchguard-info-portal\/wp-json\/wp\/v2\/types\/page"}],"author":[{"embeddable":true,"href":"https:\/\/wordpress.boc.de\/watchguard-info-portal\/wp-json\/wp\/v2\/users\/2"}],"replies":[{"embeddable":true,"href":"https:\/\/wordpress.boc.de\/watchguard-info-portal\/wp-json\/wp\/v2\/comments?post=1211"}],"version-history":[{"count":38,"href":"https:\/\/wordpress.boc.de\/watchguard-info-portal\/wp-json\/wp\/v2\/pages\/1211\/revisions"}],"predecessor-version":[{"id":20528,"href":"https:\/\/wordpress.boc.de\/watchguard-info-portal\/wp-json\/wp\/v2\/pages\/1211\/revisions\/20528"}],"up":[{"embeddable":true,"href":"https:\/\/wordpress.boc.de\/watchguard-info-portal\/wp-json\/wp\/v2\/pages\/73"}],"wp:attachment":[{"href":"https:\/\/wordpress.boc.de\/watchguard-info-portal\/wp-json\/wp\/v2\/media?parent=1211"}],"curies":[{"name":"wp","href":"https:\/\/api.w.org\/{rel}","templated":true}]}}