{"id":11288,"date":"2020-10-01T12:04:48","date_gmt":"2020-10-01T10:04:48","guid":{"rendered":"https:\/\/www.boc.de\/watchguard-info-portal\/?page_id=11288"},"modified":"2021-05-31T13:15:08","modified_gmt":"2021-05-31T11:15:08","slug":"panda-adaptive-defense-360-demo","status":"publish","type":"page","link":"https:\/\/wordpress.boc.de\/watchguard-info-portal\/vertriebsinfos\/panda-adaptive-defense-360-demo\/","title":{"rendered":"Panda Adaptive Defense 360 Demo"},"content":{"rendered":"<h3>Panda Adaptive Defense 360 Demo<\/h3>\n<p>Mit dieser Demo k\u00f6nnen Sie Panda Adaptive Defense 360 mit allen Zusatzmodulen wie Advanced Reporting Tool, Patch Management, Data Control und Full Encryption kostenlos testen.<\/p>\n<pre><strong>LIVE DEMO:<\/strong> <a href=\"https:\/\/aetherdemo.pandasecurity.com\/\" target=\"_blank\" rel=\"noopener noreferrer\">Klicken Sie hier zur Anmeldung<\/a> (es \u00f6ffnet sich ein neues Browser-Fenster). <strong>Username = DemoEngAd360@panda.com<\/strong> ; <strong>Passwort = DemoEngAd360#123<\/strong>. Mit dem Demoaccount k\u00f6nnen Sie alle Funktionen von Panda Adaptive Defense 360 nach Belieben in aller Ruhe testen. Nach der Anmeldung gelangen Sie direkt in das Dashboard, von welchem Sie auch zu den einzelnen Zusatzmodulen \"Patch Management\", \"Data Control\", \"Full Encryption\" und \"Advanced Reporting Tool\" navigieren k\u00f6nnen. Bei Fragen nutzen Sie einfach unsere Chat-Funktion unten rechts (sofern online) oder hinterlassen Sie dort Ihre Frage(n).<\/pre>\n<p><a href=\"https:\/\/aetherdemo.pandasecurity.com\/\"><img loading=\"lazy\" decoding=\"async\" class=\"aligncenter wp-image-11265 size-full\" src=\"https:\/\/www.boc.de\/watchguard-info-portal\/wp-content\/uploads\/2020\/10\/Panda-Adaptive-Defense-360-Demo-Dashboard.png\" alt=\"\" width=\"865\" height=\"210\" \/><\/a><\/p>\n<p>Lernen Sie Panda Adaptive Defense 360 und dessen Zusatzmodule in dieser selbstgesteuerten Demo kennen und erfahren Sie, wie Sie:<\/p>\n<ul>\n<li>Neue und unbekannte Malware und Exploits mittels erweiterter EDR und k\u00fcnstlicher Intelligenz in Kombination mit vollst\u00e4ndigen EPP-F\u00e4higkeiten erkennen<\/li>\n<li>Ransomware stoppen, bevor sie sich verbreiten kann<\/li>\n<li>Dank der intelligenten EDR-Funktionen (Endpoint Detection and Response) ohne zus\u00e4tzliches Personal Ihr Fachwissen erweitern<\/li>\n<li>Die Endpoint-Sicherheit \u00fcber eine einfach bedienbare, cloudbasierte Konsole verwalten<\/li>\n<li>Die Schwachstellen Ihrer Endpunkt-Systeme und -Anwendungen aus der Ferne ermitteln und unverz\u00fcglich oder programmatisch \u00fcber die einheitliche cloudbasierte Konsole patchen<\/li>\n<li>Die Datenverschl\u00fcsselung Ihrer Endpunkte zentral verwalten<\/li>\n<li>Aktionen auf Grundlage der kontinuierlichen \u00dcberwachung der Endpoint-Aktivit\u00e4t, darunter Operationen an Datendateien, ergreifen k\u00f6nnen<\/li>\n<\/ul>\n<p>Mehr zum Thema <a href=\"https:\/\/www.boc.de\/watchguard-info-portal\/watchguard-endpoint-security\" target=\"_blank\" rel=\"noopener noreferrer\">&gt;&gt; Endpoint Security<\/a> finden Sie in unserem Infoportal.<\/p>\n","protected":false},"excerpt":{"rendered":"<p>Panda Adaptive Defense 360 Demo Mit dieser Demo k\u00f6nnen Sie Panda Adaptive Defense 360 mit allen Zusatzmodulen wie Advanced Reporting Tool, Patch Management, Data Control und Full Encryption kostenlos testen. LIVE DEMO: Klicken Sie hier zur Anmeldung (es \u00f6ffnet sich ein neues Browser-Fenster). Username = DemoEngAd360@panda.com ; Passwort = DemoEngAd360#123. Mit dem Demoaccount k\u00f6nnen Sie alle Funktionen von Panda Adaptive Defense 360 nach Belieben in &hellip; <a href=\"https:\/\/wordpress.boc.de\/watchguard-info-portal\/vertriebsinfos\/panda-adaptive-defense-360-demo\/\" class=\"more-link\">Weiterlesen <span class=\"screen-reader-text\">Panda Adaptive Defense 360 Demo<\/span> <span class=\"meta-nav\">&raquo;<\/span><\/a><\/p>\n","protected":false},"author":4,"featured_media":0,"parent":26,"menu_order":0,"comment_status":"closed","ping_status":"closed","template":"","meta":{"footnotes":""},"class_list":["post-11288","page","type-page","status-publish","hentry"],"_links":{"self":[{"href":"https:\/\/wordpress.boc.de\/watchguard-info-portal\/wp-json\/wp\/v2\/pages\/11288"}],"collection":[{"href":"https:\/\/wordpress.boc.de\/watchguard-info-portal\/wp-json\/wp\/v2\/pages"}],"about":[{"href":"https:\/\/wordpress.boc.de\/watchguard-info-portal\/wp-json\/wp\/v2\/types\/page"}],"author":[{"embeddable":true,"href":"https:\/\/wordpress.boc.de\/watchguard-info-portal\/wp-json\/wp\/v2\/users\/4"}],"replies":[{"embeddable":true,"href":"https:\/\/wordpress.boc.de\/watchguard-info-portal\/wp-json\/wp\/v2\/comments?post=11288"}],"version-history":[{"count":10,"href":"https:\/\/wordpress.boc.de\/watchguard-info-portal\/wp-json\/wp\/v2\/pages\/11288\/revisions"}],"predecessor-version":[{"id":12904,"href":"https:\/\/wordpress.boc.de\/watchguard-info-portal\/wp-json\/wp\/v2\/pages\/11288\/revisions\/12904"}],"up":[{"embeddable":true,"href":"https:\/\/wordpress.boc.de\/watchguard-info-portal\/wp-json\/wp\/v2\/pages\/26"}],"wp:attachment":[{"href":"https:\/\/wordpress.boc.de\/watchguard-info-portal\/wp-json\/wp\/v2\/media?parent=11288"}],"curies":[{"name":"wp","href":"https:\/\/api.w.org\/{rel}","templated":true}]}}